{"id":989,"date":"2024-09-13T04:27:08","date_gmt":"2024-09-13T03:27:08","guid":{"rendered":"https:\/\/guemisa.es\/?page_id=989"},"modified":"2025-01-26T08:15:01","modified_gmt":"2025-01-26T07:15:01","slug":"declaracao-de-acessibilidade","status":"publish","type":"page","link":"https:\/\/guemisa.es\/pt\/declaracion-de-accesibilidad\/","title":{"rendered":"Declara\u00e7\u00e3o de acessibilidade"},"content":{"rendered":"<div data-elementor-type=\"wp-page\" data-elementor-id=\"989\" class=\"elementor elementor-989\" data-elementor-post-type=\"page\">\n\t\t\t\t<div class=\"elementor-element elementor-element-afacd0e e-flex e-con-boxed e-con e-parent\" data-id=\"afacd0e\" data-element_type=\"container\" data-e-type=\"container\" data-settings=\"{&quot;background_background&quot;:&quot;classic&quot;}\">\n\t\t\t\t\t<div class=\"e-con-inner\">\n\t\t\t\t<div class=\"elementor-element elementor-element-ca42922 elementor-widget elementor-widget-text-editor\" data-id=\"ca42922\" data-element_type=\"widget\" data-e-type=\"widget\" data-widget_type=\"text-editor.default\">\n\t\t\t\t<div class=\"elementor-widget-container\">\n\t\t\t\t\t\t\t\t\t<p data-pm-slice=\"1 3 []\">Estamos empenhados em tornar o nosso site acess\u00edvel de acordo com as\u00a0<a href=\"https:\/\/www.boe.es\/buscar\/act.php?id=BOE-A-2018-12699\" target=\"_blank\" rel=\"noopener noreferrer nofollow\">Real Decreto 1112\/2018, de 7 de setembro<\/a>, sobre acessibilidade de sites e aplica\u00e7\u00f5es para dispositivos m\u00f3veis do setor p\u00fablico (doravante, Real Decreto 1112\/2018, de 7 de setembro).<\/p><p>\u00a0<\/p><p><strong>Status de conformidade<\/strong><\/p><p>Este site \u00e9\u00a0<strong>parcialmente compat\u00edvel<\/strong>\u00a0com o Real Decreto 1112\/2018, de 7 de setembro, devido \u00e0 falta de conformidade dos aspectos abaixo indicados.<\/p><p>\u00a0<\/p><p><strong>Conte\u00fado n\u00e3o acess\u00edvel<\/strong><\/p><p>O conte\u00fado coletado abaixo n\u00e3o est\u00e1 acess\u00edvel devido ao seguinte:<\/p><ol><li><p><strong>Carga desproporcional<\/strong>: n\u00e3o aplic\u00e1vel.<\/p><\/li><\/ol><p>\u00a0<\/p><p><strong>Prepara\u00e7\u00e3o desta declara\u00e7\u00e3o de acessibilidade<\/strong><\/p><p>Esta declara\u00e7\u00e3o foi preparada <mark data-color=\"#F5EAC0\">13 de setembro de 2024<\/mark>.<\/p><p>O m\u00e9todo utilizado para preparar a declara\u00e7\u00e3o foi uma autoavalia\u00e7\u00e3o realizada pela pr\u00f3pria organiza\u00e7\u00e3o.<\/p><p>\u00a0<\/p><p><strong>Observa\u00e7\u00f5es e informa\u00e7\u00f5es de contato<\/strong><\/p><p>Poder\u00e1 realizar comunica\u00e7\u00f5es sobre requisitos de acessibilidade (artigo 10.2.a) do Real Decreto 1112\/2018, de 7 de setembro) como, por exemplo:<\/p><ul><li><p>Relate qualquer poss\u00edvel viola\u00e7\u00e3o por parte deste site.<\/p><\/li><li><p>Transmita outras dificuldades de acesso ao conte\u00fado.<\/p><\/li><li><p>Tire outras d\u00favidas ou sugest\u00f5es de melhoria em rela\u00e7\u00e3o \u00e0 acessibilidade do site.<\/p><\/li><\/ul><p>Atrav\u00e9s dos seguintes meios:<\/p><ul><li><p><mark data-color=\"#F5EAC0\">E-mail: <a href=\"mailto:ventas@guemisa.com\"><span class=\"elementor-icon-list-text\">ventas@guemisa.com<\/span><\/a><\/mark><\/p><\/li><li><p><mark data-color=\"#F5EAC0\">Telefone: <\/mark><a style=\"font-size: 16px; background-color: #ffffff;\" href=\"tel:+34917642100\"><span class=\"elementor-icon-list-text\">91 764 21 00<\/span><\/a><\/p><\/li><\/ul><p>As comunica\u00e7\u00f5es ser\u00e3o recebidas e processadas pela administra\u00e7\u00e3o da empresa, como unidade respons\u00e1vel pelos conte\u00fados deste site.<\/p><p>\u00a0<\/p><p><strong>Conte\u00fado opcional<\/strong><\/p><p>A vers\u00e3o atualmente vis\u00edvel deste site <mark data-color=\"#F5EAC0\">\u00c9 de setembro de 2024<\/mark> e nessa data foi revisto o n\u00edvel de acessibilidade ent\u00e3o vigente.<\/p><p>A partir dessa data, s\u00e3o realizadas revis\u00f5es parciais di\u00e1rias de conte\u00fados web novos ou modificados, tanto dos templates como das p\u00e1ginas e documentos finais publicados, de forma a garantir o cumprimento dos requisitos de acessibilidade da Norma UNE-EN 301549, considerando as exce\u00e7\u00f5es do Real Decreto 1112\/2018, de 7 de setembro.<\/p><p>Entre outras, s\u00e3o adotadas as seguintes medidas para facilitar a acessibilidade:<\/p><ul><li><p>Usando texto alternativo em imagens<\/p><\/li><li><p>Os links fornecem detalhes da fun\u00e7\u00e3o ou destino do hiperlink<\/p><\/li><li><p>Utiliza\u00e7\u00e3o dos padr\u00f5es W3C: XHTML 1.0, CSS 3.0, WAI AA.<\/p><\/li><\/ul>\t\t\t\t\t\t\t\t<\/div>\n\t\t\t\t<\/div>\n\t\t\t\t\t<\/div>\n\t\t\t\t<\/div>\n\t\t\t\t<\/div>","protected":false},"excerpt":{"rendered":"<p>Estamos comprometidos a hacer accesible nuestro sitio web de conformidad con el\u00a0Real Decreto 1112\/2018, de 7 de septiembre, sobre accesibilidad de los sitios web y aplicaciones para dispositivos m\u00f3viles del sector p\u00fablico (en adelante, Real Decreto 1112\/2018, de 7 de septiembre). \u00a0 Situaci\u00f3n de cumplimiento Este sitio web es\u00a0parcialmente conforme\u00a0con el Real Decreto 1112\/2018, de [&hellip;]<\/p>\n","protected":false},"author":1,"featured_media":0,"parent":0,"menu_order":0,"comment_status":"closed","ping_status":"closed","template":"","meta":{"site-sidebar-layout":"no-sidebar","site-content-layout":"page-builder","ast-site-content-layout":"full-width-container","site-content-style":"default","site-sidebar-style":"default","ast-global-header-display":"","ast-banner-title-visibility":"","ast-main-header-display":"","ast-hfb-above-header-display":"","ast-hfb-below-header-display":"","ast-hfb-mobile-header-display":"","site-post-title":"disabled","ast-breadcrumbs-content":"","ast-featured-img":"disabled","footer-sml-layout":"","ast-disable-related-posts":"","theme-transparent-header-meta":"","adv-header-id-meta":"","stick-header-meta":"","header-above-stick-meta":"","header-main-stick-meta":"","header-below-stick-meta":"","astra-migrate-meta-layouts":"set","ast-page-background-enabled":"default","ast-page-background-meta":{"desktop":{"background-color":"var(--ast-global-color-4)","background-image":"","background-repeat":"repeat","background-position":"center center","background-size":"auto","background-attachment":"scroll","background-type":"","background-media":"","overlay-type":"","overlay-color":"","overlay-opacity":"","overlay-gradient":""},"tablet":{"background-color":"","background-image":"","background-repeat":"repeat","background-position":"center center","background-size":"auto","background-attachment":"scroll","background-type":"","background-media":"","overlay-type":"","overlay-color":"","overlay-opacity":"","overlay-gradient":""},"mobile":{"background-color":"","background-image":"","background-repeat":"repeat","background-position":"center center","background-size":"auto","background-attachment":"scroll","background-type":"","background-media":"","overlay-type":"","overlay-color":"","overlay-opacity":"","overlay-gradient":""}},"ast-content-background-meta":{"desktop":{"background-color":"var(--ast-global-color-5)","background-image":"","background-repeat":"repeat","background-position":"center center","background-size":"auto","background-attachment":"scroll","background-type":"","background-media":"","overlay-type":"","overlay-color":"","overlay-opacity":"","overlay-gradient":""},"tablet":{"background-color":"var(--ast-global-color-5)","background-image":"","background-repeat":"repeat","background-position":"center center","background-size":"auto","background-attachment":"scroll","background-type":"","background-media":"","overlay-type":"","overlay-color":"","overlay-opacity":"","overlay-gradient":""},"mobile":{"background-color":"var(--ast-global-color-5)","background-image":"","background-repeat":"repeat","background-position":"center center","background-size":"auto","background-attachment":"scroll","background-type":"","background-media":"","overlay-type":"","overlay-color":"","overlay-opacity":"","overlay-gradient":""}},"footnotes":""},"class_list":["post-989","page","type-page","status-publish","hentry"],"_links":{"self":[{"href":"https:\/\/guemisa.es\/pt\/wp-json\/wp\/v2\/pages\/989","targetHints":{"allow":["GET"]}}],"collection":[{"href":"https:\/\/guemisa.es\/pt\/wp-json\/wp\/v2\/pages"}],"about":[{"href":"https:\/\/guemisa.es\/pt\/wp-json\/wp\/v2\/types\/page"}],"author":[{"embeddable":true,"href":"https:\/\/guemisa.es\/pt\/wp-json\/wp\/v2\/users\/1"}],"replies":[{"embeddable":true,"href":"https:\/\/guemisa.es\/pt\/wp-json\/wp\/v2\/comments?post=989"}],"version-history":[{"count":4,"href":"https:\/\/guemisa.es\/pt\/wp-json\/wp\/v2\/pages\/989\/revisions"}],"predecessor-version":[{"id":993,"href":"https:\/\/guemisa.es\/pt\/wp-json\/wp\/v2\/pages\/989\/revisions\/993"}],"wp:attachment":[{"href":"https:\/\/guemisa.es\/pt\/wp-json\/wp\/v2\/media?parent=989"}],"curies":[{"name":"wp","href":"https:\/\/api.w.org\/{rel}","templated":true}]}}