{"id":976,"date":"2024-09-13T04:23:24","date_gmt":"2024-09-13T03:23:24","guid":{"rendered":"https:\/\/guemisa.es\/?page_id=976"},"modified":"2025-01-26T08:15:54","modified_gmt":"2025-01-26T07:15:54","slug":"politica-de-privacidade","status":"publish","type":"page","link":"https:\/\/guemisa.es\/pt\/politica-de-privacidad\/","title":{"rendered":"pol\u00edtica de Privacidade"},"content":{"rendered":"<div data-elementor-type=\"wp-page\" data-elementor-id=\"976\" class=\"elementor elementor-976\" data-elementor-post-type=\"page\">\n\t\t\t\t<div class=\"elementor-element elementor-element-33fd5c3 e-flex e-con-boxed e-con e-parent\" data-id=\"33fd5c3\" data-element_type=\"container\" data-e-type=\"container\" data-settings=\"{&quot;background_background&quot;:&quot;classic&quot;}\">\n\t\t\t\t\t<div class=\"e-con-inner\">\n\t\t\t\t<div class=\"elementor-element elementor-element-d9de56f elementor-widget elementor-widget-text-editor\" data-id=\"d9de56f\" data-element_type=\"widget\" data-e-type=\"widget\" data-widget_type=\"text-editor.default\">\n\t\t\t\t<div class=\"elementor-widget-container\">\n\t\t\t\t\t\t\t\t\t<p data-pm-slice=\"1 1 []\">A presente Pol\u00edtica de Privacidade constitui, juntamente com as Regras de Participa\u00e7\u00e3o e o aviso legal, o quadro legal que regula a utiliza\u00e7\u00e3o do site.\u00a0<strong><mark data-color=\"#F5EAC0\">www.guemisa.com<\/mark><\/strong><mark data-color=\"#F5EAC0\">.<\/mark> Esta Pol\u00edtica de Privacidade regula especificamente a utiliza\u00e7\u00e3o e tratamento que A EMPRESA d\u00e1 aos seus dados pessoais como utilizador do Site, uma vez que ao aceder a este site passa a ser utilizador deste site (doravante, o \u201cUtilizador\u201d).<\/p><p><strong>Este site \u00e9 propriedade de:<\/strong><\/p><p><mark data-color=\"#F5EAC0\">SENSORES E INSTRUMENTACI\u00d3N GUEMISA SL, com sede em C\/ Fundimiento 4 Bis Planta 2 Escrit\u00f3rio 2, Madrid \u2013 Espanha e CIF:\u00a0<\/mark>B-87969416<mark data-color=\"#F5EAC0\">,<\/mark> doravante denominada EMPRESA.<\/p><p>\u00a0No Site voc\u00ea encontrar\u00e1 esta Pol\u00edtica de Privacidade em Catal\u00e3o \u00e0 sua disposi\u00e7\u00e3o para que possa consult\u00e1-la, arquivar ou imprimi-la a qualquer momento. Pode variar ao longo do tempo como resultado de altera\u00e7\u00f5es no Site, desenvolvimentos legislativos ou jurisprudenciais, ou novos crit\u00e9rios da Ag\u00eancia Espanhola de Prote\u00e7\u00e3o de Dados ou novos regulamentos europeus que nos obriguem a fazer modifica\u00e7\u00f5es futuras. Portanto, a EMPRESA reserva-se o direito de modificar esta Pol\u00edtica de Privacidade e recomenda a leitura atenta da Pol\u00edtica de Privacidade sempre que aceder ao Site.<\/p><p><strong>Confidencialidade<\/strong><br \/>A EMPRESA compromete-se a cumprir a sua obriga\u00e7\u00e3o de sigilo dos dados pessoais e o dever de mant\u00ea-los confidenciais e adota as medidas necess\u00e1rias para evitar a sua altera\u00e7\u00e3o, perda, tratamento ou acesso n\u00e3o autorizado, tendo sempre em conta o estado da tecnologia.<\/p><p><strong>Seguran\u00e7a de dados<br \/><\/strong>A EMPRESA garante a ado\u00e7\u00e3o das medidas adequadas para garantir o tratamento confidencial destes dados. Por este motivo, implementou todas as medidas de seguran\u00e7a t\u00e9cnicas e organizativas necess\u00e1rias para garantir a integridade, confidencialidade e disponibilidade dos dados pessoais fornecidos pelo utilizador, nomeadamente as estipuladas no RGDP (Regulamento Geral de Prote\u00e7\u00e3o de Dados \u2013 UE 2016\/). 679, de 27 de abril), que ampliou o \u00e2mbito da Lei Org\u00e2nica 15\/1999, de 13 de dezembro, sobre Prote\u00e7\u00e3o de Dados Pessoais (LOPD) e seu Regulamento de Desenvolvimento RD 1720\/2007.<\/p><p><strong>Prote\u00e7\u00e3o de dados pessoais<br \/><\/strong>Os dados pessoais fornecidos voluntariamente ser\u00e3o tratados de forma confidencial, sob a prote\u00e7\u00e3o e especifica\u00e7\u00f5es contidas na regulamenta\u00e7\u00e3o vigente, e ser\u00e3o coletados em arquivo devidamente registrado na Ag\u00eancia de Prote\u00e7\u00e3o de Dados, pela qual A EMPRESA \u00e9 respons\u00e1vel, e cuja finalidade \u00e9 a gest\u00e3o de utilizadores e assinantes, bem como a venda online de produtos e resolu\u00e7\u00e3o de d\u00favidas.<\/p><p>A base legal para o processamento de dados \u00e9 o consentimento do assinante. Processamos os dados pessoais dos inscritos na newsletter com a finalidade exclusiva de lhes enviar a nossa newsletter. Processamos os dados pessoais dos utilizadores registados e dos assinantes pagantes com a \u00fanica finalidade de gerir a sua rela\u00e7\u00e3o com A EMPRESA, cobrando taxas (se aplic\u00e1vel), organizando atividades e campanhas e enviando comunica\u00e7\u00f5es informativas e comerciais (tamb\u00e9m por via eletr\u00f3nica).<\/p><p>Os dados pessoais n\u00e3o ser\u00e3o transferidos a terceiros (salvo obriga\u00e7\u00e3o legal) e ser\u00e3o conservados por um per\u00edodo de seis (6) anos de acordo com as normas contabil\u00edsticas em vigor e, se for caso disso, durante dez (10) de acordo com as normas de preven\u00e7\u00e3o. lavagem de dinheiro.<\/p><p>O utilizador pode aceder aos dados pessoais, bem como solicitar a retifica\u00e7\u00e3o de dados inexatos ou, se for o caso, solicitar o cancelamento ou elimina\u00e7\u00e3o quando os dados j\u00e1 n\u00e3o forem necess\u00e1rios para as finalidades recolhidas. Poder\u00e1 tamb\u00e9m solicitar a limita\u00e7\u00e3o, portabilidade e oposi\u00e7\u00e3o ao tratamento dos seus dados, em determinadas circunst\u00e2ncias e por motivos relacionados com a sua situa\u00e7\u00e3o particular.<\/p><p>Poder\u00e1 revogar o seu consentimento para o envio de comunica\u00e7\u00f5es comerciais e o exerc\u00edcio dos direitos acima referidos, enviando um email para <a href=\"mailto:ventas@guemisa.com\"><span class=\"elementor-icon-list-text\">ventas@guemisa.com<\/span><\/a>\u00a0ou escrevendo ao respons\u00e1vel pelo ficheiro localizado na sede social da EMPRESA por correio normal, em ambos os casos com a refer\u00eancia: \u201cProtec\u00e7\u00e3o de Dados\u201d, atrav\u00e9s de documento escrito assinado para o efeito e anexando c\u00f3pia do seu documento de identifica\u00e7\u00e3o.<\/p><p><strong>Informa\u00e7\u00f5es sobre cookies<br \/><\/strong>O site utiliza cookies (\u201ccookies\u201d) na navega\u00e7\u00e3o do usu\u00e1rio atrav\u00e9s de seus sites para facilitar a personaliza\u00e7\u00e3o e o conforto da navega\u00e7\u00e3o.<\/p><p>Um cookie \u00e9 uma informa\u00e7\u00e3o enviada de um servidor de p\u00e1gina web para um navegador que pode ser retornada pelo navegador em acessos subsequentes a esse servidor. Os \u2018cookies\u2019 est\u00e3o associados ao utilizador an\u00f3nimo e ao seu computador e n\u00e3o fornecem por si s\u00f3 o nome ou apelido do utilizador.<\/p><p>Os cookies do Google s\u00e3o usados neste site para exibir publicidade com base em visitas anteriores ao site ou a outros sites que tamb\u00e9m exibem an\u00fancios do Google. Os usu\u00e1rios podem optar por n\u00e3o rastrear usando cookies de publicidade acessando: <a href=\"https:\/\/www.google.com\/settings\/ads\" target=\"_blank\" rel=\"noopener noreferrer nofollow\">https:\/\/www.google.com\/settings\/ads<\/a><\/p><p><strong>Tipo de biscoitos<br \/><\/strong>Cookies de registo: Para identificar o utilizador que iniciou sess\u00e3o.<br \/>Cookies Publicit\u00e1rios: Para poder oferecer conte\u00fados publicit\u00e1rios relacionados com os interesses do utilizador, quer diretamente, quer atrav\u00e9s de terceiros denominados Adservers.<br \/>Cookies Anal\u00edticos: Para obter informa\u00e7\u00e3o relacionada com a medi\u00e7\u00e3o de audi\u00eancia.<br \/>Cookies de geolocaliza\u00e7\u00e3o: Fornecem informa\u00e7\u00e3o sobre a localiza\u00e7\u00e3o geogr\u00e1fica do utilizador.<br \/>O utilizador tem a possibilidade de configurar o seu navegador para que seja informado da recep\u00e7\u00e3o de \u2018cookies\u2019, podendo, se desejar, impedir a sua instala\u00e7\u00e3o no seu disco r\u00edgido. No entanto, para aceder ao website a instala\u00e7\u00e3o de \u2018cookies\u2019 n\u00e3o \u00e9 obrigat\u00f3ria.<\/p><p>Dependendo do tipo de navegador que o utilizador utiliza, pode desativar a utiliza\u00e7\u00e3o de cookies em:<\/p><p>Chrome: Configura\u00e7\u00f5es &gt; Configura\u00e7\u00f5es avan\u00e7adas &gt; Privacidade e seguran\u00e7a &gt; Configura\u00e7\u00f5es de conte\u00fado<br \/>Firefox: Op\u00e7\u00f5es &gt; Privacidade e seguran\u00e7a<br \/>Edge: Configura\u00e7\u00f5es &gt; Configura\u00e7\u00f5es avan\u00e7adas &gt; Privacidade e servi\u00e7os<br \/>Safari: Prefer\u00eancias &gt; Privacidade<\/p><p><strong>LSSICE<\/strong><br \/>Da mesma forma, informamos que n\u00e3o utilizamos estes dados para o envio de comunica\u00e7\u00f5es comerciais por correio eletr\u00f3nico que n\u00e3o sejam solicitadas ou que n\u00e3o sejam expressa e previamente autorizadas pelo interessado, conforme estipulado na LSSICE.<\/p><p><strong>Comunica\u00e7\u00f5es<\/strong><br \/>Para efetuar qualquer notifica\u00e7\u00e3o em rela\u00e7\u00e3o a este contrato, a EMPRESA designa expressamente como endere\u00e7o aquele que aparece neste texto e o usu\u00e1rio designa expressamente como endere\u00e7o aquele que aparece no formul\u00e1rio de candidatura. Para a execu\u00e7\u00e3o do contrato, obriga-se a manter operacional, ativo e atualizado o endere\u00e7o de correio eletr\u00f3nico (e-mail) fornecido para comunica\u00e7\u00f5es com a EMPRESA, uma vez que \u00e9 o meio de comunica\u00e7\u00e3o preferencial (embora n\u00e3o o \u00fanico). Geralmente, o utilizador compromete-se e \u00e9 obrigado a ter os seus dados pessoais e de contacto permanentemente atualizados; e deve comunicar de forma confi\u00e1vel quaisquer altera\u00e7\u00f5es. A falta desta comunica\u00e7\u00e3o implicar\u00e1 que as notifica\u00e7\u00f5es efetuadas para o endere\u00e7o que consta no formul\u00e1rio ser\u00e3o consideradas v\u00e1lidas.<\/p><p><strong>Nulidade e inefic\u00e1cia das cl\u00e1usulas<br \/><\/strong>Se alguma cl\u00e1usula desta Pol\u00edtica de Privacidade juntamente com a Pol\u00edtica de Privacidade e a Pol\u00edtica de Cookies for declarada total ou parcialmente nula ou ineficaz, afetar\u00e1 apenas a referida disposi\u00e7\u00e3o ou parte dela que seja nula ou ineficaz, subsistindo em todos os restantes aspectos. condi\u00e7\u00f5es gerais e tendo a disposi\u00e7\u00e3o ou a parte dela afetada pela n\u00e3o inclus\u00e3o, a menos que, se for essencial nestas condi\u00e7\u00f5es gerais, as afete integralmente.<\/p><p><strong>Lei e jurisdi\u00e7\u00e3o aplic\u00e1veis<br \/><\/strong>Para a resolu\u00e7\u00e3o de todos os lit\u00edgios ou quest\u00f5es relacionadas com este site ou com as atividades desenvolvidas, aplicar-se-\u00e1 em todos os casos a legisla\u00e7\u00e3o espanhola, aos quais as partes se submetam expressamente. O simples facto de utilizar os servi\u00e7os deste site pressup\u00f5e a aceita\u00e7\u00e3o expressa da referida aceita\u00e7\u00e3o da jurisdi\u00e7\u00e3o espanhola.<\/p><p>Da mesma forma, e com exce\u00e7\u00e3o do expresso no par\u00e1grafo seguinte, as partes envolvidas concordam que qualquer disputa, discrep\u00e2ncia, quest\u00e3o ou reclama\u00e7\u00e3o resultante da execu\u00e7\u00e3o ou interpreta\u00e7\u00e3o destas condi\u00e7\u00f5es ou relacionadas, ou outros textos que possam existir no site, ser\u00e1 definitivamente resolvido mediante submiss\u00e3o aos Tribunais e Tribunais de Barcelona com ren\u00fancia expressa a qualquer outra jurisdi\u00e7\u00e3o ou demarca\u00e7\u00e3o jurisdicional que possa ser competente.<\/p><p>O n\u00famero anterior n\u00e3o se aplica no caso de uma das partes ser consumidor ou utilizador de acordo com a defini\u00e7\u00e3o do regulamento de protec\u00e7\u00e3o dos Consumidores e Utilizadores (Real Decreto Legislativo 1\/2007, de 16 de Novembro, que aprova o texto consolidado da Lei Geral de Defesa dos Consumidores e Usu\u00e1rios e demais leis complementares), nesse caso (e para conflito conexo abrangido pela Lei) o cargo designado no referida legisla\u00e7\u00e3o.<\/p>\t\t\t\t\t\t\t\t<\/div>\n\t\t\t\t<\/div>\n\t\t\t\t\t<\/div>\n\t\t\t\t<\/div>\n\t\t\t\t<\/div>","protected":false},"excerpt":{"rendered":"<p>La presente Pol\u00edtica de Privacidad constituye junto con las Normas de participaci\u00f3n y el aviso legal el marco jur\u00eddico que regula el uso del sitio web\u00a0www.guemisa.com. La presente Pol\u00edtica de Privacidad en concreto regula el uso y tratamiento que LA EMPRESA da a sus datos de car\u00e1cter personal como usuario del Sitio web, ya que [&hellip;]<\/p>\n","protected":false},"author":1,"featured_media":0,"parent":0,"menu_order":0,"comment_status":"closed","ping_status":"closed","template":"","meta":{"site-sidebar-layout":"no-sidebar","site-content-layout":"page-builder","ast-site-content-layout":"full-width-container","site-content-style":"default","site-sidebar-style":"default","ast-global-header-display":"","ast-banner-title-visibility":"","ast-main-header-display":"","ast-hfb-above-header-display":"","ast-hfb-below-header-display":"","ast-hfb-mobile-header-display":"","site-post-title":"disabled","ast-breadcrumbs-content":"","ast-featured-img":"disabled","footer-sml-layout":"","ast-disable-related-posts":"","theme-transparent-header-meta":"","adv-header-id-meta":"","stick-header-meta":"","header-above-stick-meta":"","header-main-stick-meta":"","header-below-stick-meta":"","astra-migrate-meta-layouts":"set","ast-page-background-enabled":"default","ast-page-background-meta":{"desktop":{"background-color":"var(--ast-global-color-4)","background-image":"","background-repeat":"repeat","background-position":"center center","background-size":"auto","background-attachment":"scroll","background-type":"","background-media":"","overlay-type":"","overlay-color":"","overlay-opacity":"","overlay-gradient":""},"tablet":{"background-color":"","background-image":"","background-repeat":"repeat","background-position":"center center","background-size":"auto","background-attachment":"scroll","background-type":"","background-media":"","overlay-type":"","overlay-color":"","overlay-opacity":"","overlay-gradient":""},"mobile":{"background-color":"","background-image":"","background-repeat":"repeat","background-position":"center center","background-size":"auto","background-attachment":"scroll","background-type":"","background-media":"","overlay-type":"","overlay-color":"","overlay-opacity":"","overlay-gradient":""}},"ast-content-background-meta":{"desktop":{"background-color":"var(--ast-global-color-5)","background-image":"","background-repeat":"repeat","background-position":"center center","background-size":"auto","background-attachment":"scroll","background-type":"","background-media":"","overlay-type":"","overlay-color":"","overlay-opacity":"","overlay-gradient":""},"tablet":{"background-color":"var(--ast-global-color-5)","background-image":"","background-repeat":"repeat","background-position":"center center","background-size":"auto","background-attachment":"scroll","background-type":"","background-media":"","overlay-type":"","overlay-color":"","overlay-opacity":"","overlay-gradient":""},"mobile":{"background-color":"var(--ast-global-color-5)","background-image":"","background-repeat":"repeat","background-position":"center center","background-size":"auto","background-attachment":"scroll","background-type":"","background-media":"","overlay-type":"","overlay-color":"","overlay-opacity":"","overlay-gradient":""}},"footnotes":""},"class_list":["post-976","page","type-page","status-publish","hentry"],"_links":{"self":[{"href":"https:\/\/guemisa.es\/pt\/wp-json\/wp\/v2\/pages\/976","targetHints":{"allow":["GET"]}}],"collection":[{"href":"https:\/\/guemisa.es\/pt\/wp-json\/wp\/v2\/pages"}],"about":[{"href":"https:\/\/guemisa.es\/pt\/wp-json\/wp\/v2\/types\/page"}],"author":[{"embeddable":true,"href":"https:\/\/guemisa.es\/pt\/wp-json\/wp\/v2\/users\/1"}],"replies":[{"embeddable":true,"href":"https:\/\/guemisa.es\/pt\/wp-json\/wp\/v2\/comments?post=976"}],"version-history":[{"count":4,"href":"https:\/\/guemisa.es\/pt\/wp-json\/wp\/v2\/pages\/976\/revisions"}],"predecessor-version":[{"id":983,"href":"https:\/\/guemisa.es\/pt\/wp-json\/wp\/v2\/pages\/976\/revisions\/983"}],"wp:attachment":[{"href":"https:\/\/guemisa.es\/pt\/wp-json\/wp\/v2\/media?parent=976"}],"curies":[{"name":"wp","href":"https:\/\/api.w.org\/{rel}","templated":true}]}}