{"id":1096,"date":"2024-09-17T14:57:58","date_gmt":"2024-09-17T13:57:58","guid":{"rendered":"https:\/\/guemisa.es\/?page_id=1096"},"modified":"2025-01-26T08:13:41","modified_gmt":"2025-01-26T07:13:41","slug":"o-que-e-oxigenio-dissolvido-2","status":"publish","type":"page","link":"https:\/\/guemisa.es\/pt\/que-es-el-oxigeno-disuelto\/","title":{"rendered":"O que \u00e9 oxig\u00eanio dissolvido?"},"content":{"rendered":"<h1 class=\"wp-block-heading\">Oxig\u00eanio Dissolvido<\/h1>\n\n\n\n<h2 class=\"wp-block-heading\"><\/h2>\n\n\n\n<figure class=\"wp-block-table\"><table class=\"has-fixed-layout\"><tbody><tr><td colspan=\"2\">Tabela 1: Requisito m\u00ednimo de DO<\/td><\/tr><tr><td><br>Corpo<\/td><td>Oxig\u00eanio dissolvido m\u00ednimo (mg\/L)<\/td><\/tr><tr><td>Truta<\/td><td>6.5<\/td><\/tr><tr><td>Caixa de boca pequena<\/td><td>6.5<\/td><\/tr><tr><td>Larvas de tric\u00f3ptero<\/td><td>4.0<\/td><\/tr><tr><td>Larvas de mosca<\/td><td>4.0<\/td><\/tr><tr><td>Cabe\u00e7a de touro<\/td><td>2.5<\/td><\/tr><tr><td>Barraca grande<\/td><td>2.0<\/td><\/tr><tr><td>Larvas de mosquito<\/td><td>1.0<\/td><\/tr><\/tbody><\/table><\/figure>\n\n\n\n<p>O oxig\u00eanio gasoso dissolvido na \u00e1gua \u00e9 vital para a exist\u00eancia da maioria dos organismos aqu\u00e1ticos. O oxig\u00eanio \u00e9 um componente chave<\/p>\n\n\n\n<p>na respira\u00e7\u00e3o celular tanto para a vida aqu\u00e1tica quanto para a vida terrestre. A concentra\u00e7\u00e3o de oxig\u00eanio dissolvido (<em>FAZER<\/em>) num ambiente aqu\u00e1tico \u00e9 um indicador importante da qualidade da \u00e1gua ambiente.<\/p>\n\n\n\n<p>Alguns organismos, como salm\u00e3o, ef\u00eameras e trutas, requerem altas concentra\u00e7\u00f5es de oxig\u00eanio dissolvido. Outros organismos, como bagres, larvas de mosquitos e carpas, podem sobreviver em ambientes com baixas concentra\u00e7\u00f5es de oxig\u00eanio dissolvido. A diversidade de organismos \u00e9 muito maior em altas concentra\u00e7\u00f5es de OD. A Tabela 1 indica as concentra\u00e7\u00f5es m\u00ednimas de oxig\u00eanio dissolvido necess\u00e1rias para sustentar diferentes animais.<\/p>\n\n\n\n<ul id=\"l1\" class=\"wp-block-list\">\n<li>difus\u00e3o da atmosfera<\/li>\n\n\n\n<li>Oxigena\u00e7\u00e3o devido ao movimento da \u00e1gua sobre rochas ou detritos<\/li>\n\n\n\n<li>Oxigena\u00e7\u00e3o por vento ou ondas<\/li>\n\n\n\n<li>Fotoss\u00edntese de plantas aqu\u00e1ticas<\/li>\n<\/ul>\n\n\n\n<p>FAZER Fontes<\/p>\n\n\n\n<p>O oxig\u00eanio gasoso se dissolve na \u00e1gua por v\u00e1rios processos, como difus\u00e3o entre a atmosfera e a \u00e1gua, oxigena\u00e7\u00e3o pelo fluxo de \u00e1gua sobre rochas e outros detritos, agita\u00e7\u00e3o da \u00e1gua pelas ondas e pelo vento e fotoss\u00edntese de plantas aqu\u00e1ticas. Existem muitos fatores que afetam a concentra\u00e7\u00e3o de oxig\u00eanio dissolvido em um ambiente aqu\u00e1tico. Esses fatores incluem: temperatura, fluxo da corrente, press\u00e3o do ar, plantas aqu\u00e1ticas, mat\u00e9ria org\u00e2nica em decomposi\u00e7\u00e3o e atividade humana.<\/p>\n\n\n\n<ul id=\"l2\" class=\"wp-block-list\">\n<li>Temperatura<\/li>\n\n\n\n<li>Popula\u00e7\u00f5es de plantas aqu\u00e1ticas<\/li>\n\n\n\n<li>Decomposi\u00e7\u00e3o de material org\u00e2nico em \u00e1gua<\/li>\n\n\n\n<li>Fluxo atual<\/li>\n\n\n\n<li>Press\u00e3o atmosf\u00e9rica e altura<\/li>\n\n\n\n<li>Atividade Humana<\/li>\n<\/ul>\n\n\n\n<p>Fatores que afetam os n\u00edveis de DO<\/p>\n\n\n\n<p>Como resultado da atividade da planta, os n\u00edveis de OD podem flutuar durante o dia, aumentando ao longo da manh\u00e3 e atingindo o m\u00e1ximo \u00e0 tarde. \u00c0 noite, a fotoss\u00edntese cessa, mas as plantas e os animais continuam a respirar, causando uma diminui\u00e7\u00e3o nos n\u00edveis de OD. Como s\u00e3o poss\u00edveis flutua\u00e7\u00f5es di\u00e1rias, os ensaios de DO devem ser realizados no mesmo hor\u00e1rio todos os dias. Grandes flutua\u00e7\u00f5es nos n\u00edveis de oxig\u00eanio dissolvido durante curtos per\u00edodos de tempo podem resultar na multiplica\u00e7\u00e3o de algas. \u00c0 medida que a popula\u00e7\u00e3o de algas cresce rapidamente, os n\u00edveis de oxig\u00eanio dissolvido aumentam. Logo as algas come\u00e7am<\/p>\n\n\n\n<p>morrem e s\u00e3o decompostos por bact\u00e9rias aer\u00f3bicas, que utilizam oxig\u00eanio. \u00c0 medida que mais algas morrem, a necessidade de oxig\u00eanio proveniente da decomposi\u00e7\u00e3o aer\u00f3bica aumenta, o que<\/p>\n\n\n\n<p>resulta em uma queda acentuada nos n\u00edveis de oxig\u00eanio. Ap\u00f3s uma prolifera\u00e7\u00e3o de algas, os n\u00edveis de oxig\u00e9nio podem ser t\u00e3o baixos que os peixes e outros organismos aqu\u00e1ticos sufocam e morrem.<\/p>\n\n\n\n<figure class=\"wp-block-table\"><table class=\"has-fixed-layout\"><tbody><tr><td colspan=\"2\">Tabela 2<\/td><\/tr><tr><td>N\u00edvel FAZER<\/td><td>Porcentagem de satura\u00e7\u00e3o DO<\/td><\/tr><tr><td>Supersatura\u00e7\u00e3o1<\/td><td>\uf0b3 101%<\/td><\/tr><tr><td>Excelente<\/td><td>90 \u2013 100%<\/td><\/tr><tr><td>Apropriado<\/td><td>80 \u2013 89%<\/td><\/tr><tr><td>Aceit\u00e1vel<\/td><td>60 \u2013 79%<\/td><\/tr><tr><td>Pobre<\/td><td>\uf03c60%<\/td><\/tr><\/tbody><\/table><\/figure>\n\n\n\n<p>A temperatura \u00e9 um fator importante na capacidade de dissolu\u00e7\u00e3o do oxig\u00eanio, uma vez que o oxig\u00eanio, como todos os gases, tem solubilidades diferentes em temperaturas diferentes. \u00c1guas mais frias t\u00eam maior capacidade de oxig\u00eanio<\/p>\n\n\n\n<p>dissolvido do que \u00e1guas mais quentes. A atividade humana, como a retirada de folhagens ao longo de um riacho ou o lan\u00e7amento de \u00e1gua quente utilizada em processos industriais, pode causar um aumento na temperatura da \u00e1gua ao longo de um determinado estreitamento do riacho. Isto resulta numa menor capacidade da corrente para dissolver o oxig\u00e9nio.<\/p>\n\n\n\n<h2 class=\"wp-block-heading\">N\u00edveis esperados<\/h2>\n\n\n\n<p>A unidade mg\/L2 \u00e9 a quantidade de oxig\u00eanio gasoso<\/p>\n\n\n\n<p>dissolvido em um litro de \u00e1gua. Ao relacionar as medi\u00e7\u00f5es de OD com os n\u00edveis m\u00ednimos exigidos pelos organismos aqu\u00e1ticos, utiliza-se a unidade mg\/L. O procedimento descrito neste documento abrange o uso de um Sensor de Oxig\u00eanio Dissolvido para medir a concentra\u00e7\u00e3o de OD em mg\/L. A concentra\u00e7\u00e3o de oxig\u00eanio dissolvido pode variar de 0 a 15 mg\/L. Os riachos frios das montanhas provavelmente ter\u00e3o concentra\u00e7\u00f5es de OD de 7 a 15 mg\/L, dependendo da temperatura da \u00e1gua e da press\u00e3o do ar. Nos seus trechos mais baixos, rios e c\u00f3rregos podem apresentar uma concentra\u00e7\u00e3o de OD entre 2 e 11 mg\/L.<\/p>\n\n\n\n<p>Ao analisar a qualidade da \u00e1gua de um c\u00f3rrego ou rio, \u00e9 conveniente utilizar uma unidade diferente de mg\/L. O termo satura\u00e7\u00e3o percentual \u00e9 frequentemente usado para compara\u00e7\u00f5es de qualidade da \u00e1gua. A satura\u00e7\u00e3o percentual \u00e9 a leitura de oxig\u00eanio dissolvido em mg\/L dividida por 100% do valor de oxig\u00eanio dissolvido para \u00e1gua (na mesma temperatura e press\u00e3o do ar). A Tabela 2 mostra como a porcentagem de satura\u00e7\u00e3o se relaciona com a qualidade da \u00e1gua. Em alguns casos, a \u00e1gua pode exceder a satura\u00e7\u00e3o de 100% e ficar supersaturada por curtos per\u00edodos de tempo.<\/p>\n\n\n\n<h2 class=\"wp-block-heading\">Resumo dos M\u00e9todos<\/h2>\n\n\n\n<p>O oxig\u00eanio dissolvido pode ser medido diretamente no local ou em amostras de \u00e1gua transportadas do local. As medi\u00e7\u00f5es podem ser feitas no local, colocando o Sensor de Oxig\u00eanio Dissolvido diretamente no riacho, longe da costa, ou coletando uma amostra de \u00e1gua com um recipiente ou frasco e, em seguida, fazendo medi\u00e7\u00f5es com o Sensor de Oxig\u00eanio Dissolvido de volta \u00e0 costa. Amostras de \u00e1gua coletadas no local e transportadas de volta ao laborat\u00f3rio em frascos fechados devem ser armazenadas em recipientes com gelo ou em geladeira at\u00e9 a realiza\u00e7\u00e3o das medi\u00e7\u00f5es. O transporte de amostras n\u00e3o \u00e9 recomendado, pois a precis\u00e3o dos resultados dos testes \u00e9 reduzida.\u00a8C9C<\/p>\n\n\n\n<ol id=\"l3\" class=\"wp-block-list\">\n<li>A supersatura\u00e7\u00e3o pode ser prejudicial aos organismos aqu\u00e1ticos. Pode levar \u00e0 doen\u00e7a chamada doen\u00e7a da bolha de g\u00e1s.<\/li>\n\n\n\n<li>A unidade mg\/L \u00e9 numericamente igual \u00e0s chamadas partes por milh\u00e3o ou ppm.<\/li>\n<\/ol>\n\n\n\n<p>Oxig\u00eanio Dissolvido\u00a8C10C<\/p>\n\n\n\n<p>\u00a8C11C<\/p>\n\n\n\n<h2 class=\"wp-block-heading\">Como funciona o sensor de oxig\u00eanio dissolvido<\/h2>\n\n\n\n<p>membrana\u00a8C12C<\/p>\n\n\n\n<p>membrana<\/p>\n\n\n\n<p>platina (c\u00e1todo)<\/p>\n\n\n\n<p>\u00a8C13C<\/p>\n\n\n\n<p>Ag\/AgCl (\u00e2nodo)<\/p>\n\n\n\n<p>KCl (aq)<\/p>\n\n\n\n<p>Tampa de membrana<\/p>\n\n\n\n<figure class=\"wp-block-table\"><table class=\"has-fixed-layout\"><tbody><tr><td>\u00a8C14C<\/td><\/tr><\/tbody><\/table><\/figure>\n\n\n\n<p>O Sensor de Oxig\u00eanio Dissolvido \u00e9 um eletrodo polarogr\u00e1fico tipo Clark que mede a concentra\u00e7\u00e3o de oxig\u00eanio dissolvido em \u00e1gua e solu\u00e7\u00f5es aquosas. Um c\u00e1todo de platina e um \u00e2nodo de refer\u00eancia de prata\/cloreto de prata em um eletr\u00f3lito KCl s\u00e3o separados da amostra por uma membrana pl\u00e1stica perme\u00e1vel a gases.<\/p>\n\n\n\n<p>\u00a8C15C<\/p>\n\n\n\n<p>tampa de membrana\u00a8C16C<\/p>\n\n\n\n<p>O eletrodo de platina possui uma tens\u00e3o fixa aplicada a ele. O oxig\u00eanio \u00e9 reduzido \u00e0 medida que se difunde atrav\u00e9s da membrana em dire\u00e7\u00e3o ao c\u00e1todo:<\/p>\n\n\n\n<p>\u00bd O2 + H2O + 2e- \uf0be\uf0be\uf0ae 2 OH-<\/p>\n\n\n\n<p>A oxida\u00e7\u00e3o que ocorre no eletrodo de refer\u00eancia (\u00e2nodo) \u00e9:<\/p>\n\n\n\n<p>Ag + Cl- \uf0be\uf0be\uf0ae AgCl + e-<\/p>\n\n\n\n<p>Consequentemente, flui uma corrente que \u00e9 proporcional \u00e0 taxa de difus\u00e3o do oxig\u00eanio e, portanto, \u00e0 concentra\u00e7\u00e3o de oxig\u00eanio dissolvido na amostra. Esta corrente \u00e9 convertida em uma tens\u00e3o proporcional, que \u00e9 amplificada e lida por uma das interfaces Vernier.<\/p>\n\n\n\n<p>\u00a8C17C<\/p>\n\n\n\n<h2 class=\"wp-block-heading\">Armazenamento do sensor de oxig\u00eanio dissolvido<\/h2>\n\n\n\n<p>Siga estas etapas ao armazenar o eletrodo:<\/p>\n\n\n\n<ul id=\"l4\" class=\"wp-block-list\">\n<li>Armazenamento de longo prazo (mais de 24 horas): Remova a tampa da membrana e lave o interior e o exterior da membrana com \u00e1gua destilada. Agite a tampa da membrana para secar. Lave e seque tamb\u00e9m os elementos interiores do \u00e2nodo e do c\u00e1todo expostos (seque-os com papel absorvente de laborat\u00f3rio). Reinstale cuidadosamente a tampa da membrana no corpo do eletrodo para armazenamento. N\u00e3o aperte muito.<\/li>\n\n\n\n<li>Armazenamento de curto prazo (menos de 24 horas): Armazene o Sensor de Oxig\u00eanio Dissolvido com a extremidade da membrana submersa em aproximadamente 1 polegada de \u00e1gua destilada.<\/li>\n<\/ul>\n\n\n\n<p><\/p>\n\n\n\n<h2 class=\"wp-block-heading\">Compensa\u00e7\u00e3o Autom\u00e1tica de Temperatura<\/h2>\n\n\n\n<p>O Sensor Vernier de Oxig\u00eanio Dissolvido possui compensa\u00e7\u00e3o autom\u00e1tica de temperatura porque utiliza um termistor inclu\u00eddo no corpo do sensor. A sa\u00edda de temperatura deste sensor \u00e9 usada para compensar automaticamente altera\u00e7\u00f5es na permeabilidade da membrana devido a altera\u00e7\u00f5es na temperatura. Se o sensor n\u00e3o tivesse compensa\u00e7\u00e3o de temperatura, voc\u00ea notaria uma altera\u00e7\u00e3o na leitura de oxig\u00eanio dissolvido \u00e0 medida que a temperatura mudasse, mesmo que a concentra\u00e7\u00e3o real de oxig\u00eanio dissolvido na solu\u00e7\u00e3o n\u00e3o mudasse.<\/p>\n\n\n\n<p>Aqui est\u00e3o dois exemplos de como funciona a compensa\u00e7\u00e3o autom\u00e1tica de temperatura:<\/p>\n\n\n\n<ul id=\"l5\" class=\"wp-block-list\">\n<li>Se voc\u00ea calibrar o sensor de oxig\u00eanio dissolvido no laborat\u00f3rio a 25\u00b0 C e press\u00e3o barom\u00e9trica de 760 mm Hg (assumindo salinidade insignificante), o valor que voc\u00ea deve inserir para o ponto de calibra\u00e7\u00e3o de oxig\u00eanio saturado dever\u00e1 ser 8,36 mg\/L (consulte a Tabela 3). Se voc\u00ea fizesse uma leitura em \u00e1gua destilada saturada com oxig\u00eanio, agitando com agita\u00e7\u00e3o r\u00e1pida e vigorosa, obteria uma leitura de 8,36 mg\/L. Se a amostra de \u00e1gua fosse ent\u00e3o resfriada a 10\u00b0C sem agita\u00e7\u00e3o adicional, a \u00e1gua n\u00e3o permaneceria saturada (a \u00e1gua fria pode suportar mais oxig\u00eanio dissolvido do que a \u00e1gua quente). Portanto, a leitura do Sensor de Oxig\u00eanio Dissolvido com compensa\u00e7\u00e3o de temperatura deve ser de 8,36 mg\/L.\u00a8C18C<\/li>\n\n\n\n<li>Se a solu\u00e7\u00e3o for resfriada, entretanto, a 10\u00b0 C <em>e <\/em>\u00e9 constantemente agitado para que permane\u00e7a saturado pela solu\u00e7\u00e3o adicional de oxig\u00eanio, a compensa\u00e7\u00e3o de temperatura do sensor deve produzir uma leitura de 11,35 mg\/L, que \u00e9 o valor mostrado na Tabela 3. <strong>Observa\u00e7\u00e3o: <\/strong>Compensa\u00e7\u00e3o de temperatura <em>n\u00e3o significa <\/em>que a leitura de uma solu\u00e7\u00e3o saturada ser\u00e1 a mesma em duas temperaturas diferentes, uma vez que as duas solu\u00e7\u00f5es t\u00eam diferentes<\/li>\n<\/ul>\n\n\n\n<p>concentra\u00e7\u00f5es de oxig\u00eanio <em>Oxig\u00eanio dissolvido saturado vs. Temperatura<\/em><\/p>\n\n\n\n<p>dissolvido e as leituras do sensor devem refletir essa diferen\u00e7a.<\/p>\n\n\n\n<p>\u00a8C19C<\/p>\n\n\n\n<h2 class=\"wp-block-heading\">Coletando Amostras em \u00c1gua Salgada Oce\u00e2nica ou Estu\u00e1rios<\/h2>\n\n\n\n<h4 class=\"wp-block-heading\">(em n\u00edveis de salinidade superiores a 1000 mg\/L)<\/h4>\n\n\n\n<p>A concentra\u00e7\u00e3o de oxig\u00eanio dissolvido para \u00e1gua saturada de ar em v\u00e1rios n\u00edveis de salinidade, DO(sal), pode ser calculada usando a f\u00f3rmula:<\/p>\n\n\n\n<p>DO(sal) = DO \u2013 (k\u2022S)<\/p>\n\n\n\n<ul id=\"l6\" class=\"wp-block-list\">\n<li>DO(sal) \u00e9 a concentra\u00e7\u00e3o de oxig\u00eanio dissolvido (em mg\/L) em solu\u00e7\u00f5es de \u00e1gua salgada.<\/li>\n\n\n\n<li>DO \u00e9 a concentra\u00e7\u00e3o de oxig\u00eanio dissolvido para \u00e1gua destilada saturada com ar, conforme determinado na Tabela 3.<\/li>\n\n\n\n<li>S \u00e9 o valor da salinidade (em ppt). Os valores de salinidade podem ser determinados usando o Eletrodo Seletivo de \u00cdons de Cloreto Vernier ou o Sensor de Condutividade conforme descrito na atividade 40. Oxig\u00eanio Dissolvido\u00a8C20C\n<ul class=\"wp-block-list\">\n<li>k \u00e9 uma constante. O valor de k varia de acordo com a temperatura e pode ser determinado na Tabela 5.<\/li>\n<\/ul>\n<\/li>\n<\/ul>\n\n\n\n<p><\/p>\n\n\n\n<figure class=\"wp-block-table\"><table class=\"has-fixed-layout\"><tbody><tr><td colspan=\"8\">Tabela 5: Valores da constante de corre\u00e7\u00e3o de salinidade<\/td><\/tr><tr><td>Temperatura. (\u00b0C)<\/td><td>Constante, k<\/td><td>Temperatura. (\u00b0C)<\/td><td>Constante, k<\/td><td>Temperatura. (\u00b0C)<\/td><td>Constante, k<\/td><td>Temperatura. (\u00b0C)<\/td><td>Constante, k<\/td><\/tr><tr><td>1<\/td><td>0.08796<\/td><td>8<\/td><td>0.06916<\/td><td>15<\/td><td>0.05602<\/td><td>22<\/td><td>0.04754<\/td><\/tr><tr><td>2<\/td><td>0.08485<\/td><td>9<\/td><td>0.06697<\/td><td>16<\/td><td>0.05456<\/td><td>23<\/td><td>0.04662<\/td><\/tr><tr><td>3<\/td><td>0.08184<\/td><td>10<\/td><td>0.06478<\/td><td>17<\/td><td>0.05328<\/td><td>24<\/td><td>0.04580<\/td><\/tr><tr><td>4<\/td><td>0.07911<\/td><td>11<\/td><td>0.06286<\/td><td>18<\/td><td>0.05201<\/td><td>25<\/td><td>0.04498<\/td><\/tr><tr><td>5<\/td><td>0.07646<\/td><td>12<\/td><td>0.06104<\/td><td>19<\/td><td>0.05073<\/td><td>26<\/td><td>0.04425<\/td><\/tr><tr><td>6<\/td><td>0.07391<\/td><td>13<\/td><td>0.05931<\/td><td>20<\/td><td>0.04964<\/td><td>27<\/td><td>0.04361<\/td><\/tr><tr><td>7<\/td><td>0.07135<\/td><td>14<\/td><td>0.05757<\/td><td>21<\/td><td>0.04854<\/td><td>28<\/td><td>0.04296<\/td><\/tr><\/tbody><\/table><\/figure>\n\n\n\n<p><\/p>\n\n\n\n<h3 class=\"wp-block-heading\">Exemplo: Determine o valor de calibra\u00e7\u00e3o do oxig\u00eanio saturado DO na temperatura de 23\u00b0 C e na press\u00e3o de 750 mm Hg, quando o Sensor de Oxig\u00eanio Dissolvido for usado em \u00e1gua do mar com valor de salinidade de 35,0 ppt.<\/h3>\n\n\n\n<p>Primeiro voc\u00ea deve encontrar o valor de oxig\u00eanio dissolvido na Tabela 3 (OD = 8,55 mg\/L). Ent\u00e3o temos que encontrar o valor de <em>k <\/em>na Tabela 5 a 23\u00b0C (k = 0,04662). Ent\u00e3o voc\u00ea tem que substituir esses valores, bem como o valor da salinidade, na equa\u00e7\u00e3o anterior:<\/p>\n\n\n\n<p>DO(sal) = DO \u2013 (k\u2022S) = 8,55 \u2013 (0,04662 \u2022 35,0) = 8,55 \u2013 1,63 = 6,92 mg\/L<\/p>\n\n\n\n<p>Use o valor de 8,46 mg\/L ao realizar o ponto de calibra\u00e7\u00e3o de satura\u00e7\u00e3o de OD (\u00e1gua saturada com ar), conforme descrito na Etapa 6. O Sensor de Oxig\u00eanio Dissolvido ser\u00e1 agora calibrado para fornecer as leituras corretas de OD em amostras de \u00e1gua salgada com salinidade de. 35,0 pontos.<\/p>\n\n\n\n<p><strong>Importante<\/strong>: Para a maioria dos testes de oxig\u00eanio dissolvido, <em>N\u00e3o <\/em>\u00e9 necess\u00e1rio compensar a salinidade; Por exemplo, se o valor da salinidade for 0,5 ppt, usando 25\u00b0 C e 760 mm Hg, o c\u00e1lculo para OD(s) dever\u00e1 ser:<\/p>\n\n\n\n<p>DO(sal) = DO \u2013 (k\u2022S) = 8,36 \u2013 (0,04498 \u2022 0,5) = 8,36 \u2013 0,023 = 8,34 mg\/L<\/p>\n\n\n\n<p>Em n\u00edveis de salinidade inferiores a 1,0 ppt, negligenciar esta corre\u00e7\u00e3o significa um erro inferior a 0,2%.<\/p>","protected":false},"excerpt":{"rendered":"<p>Ox\u00edgeno Disuelto Tabla1: Requerimiento m\u00ednimo de DO Organismo Ox\u00edgeno disuelto m\u00ednimo (mg\/L) Trucha 6.5 LXbina de boca peque\u00f1a 6.5 Larvas de tric\u00f3pteros 4.0 Larvas de efemer\u00f3ptero o mosca de mayo 4.0 Siluro 2.5 Carpa 2.0 Larvas de Mosquito 1.0 El ox\u00edgeno gaseoso disuelto en el agua es vital para la existencia de la mayor\u00eda de [&hellip;]<\/p>\n","protected":false},"author":1,"featured_media":0,"parent":0,"menu_order":0,"comment_status":"closed","ping_status":"closed","template":"","meta":{"site-sidebar-layout":"default","site-content-layout":"","ast-site-content-layout":"default","site-content-style":"default","site-sidebar-style":"default","ast-global-header-display":"","ast-banner-title-visibility":"","ast-main-header-display":"","ast-hfb-above-header-display":"","ast-hfb-below-header-display":"","ast-hfb-mobile-header-display":"","site-post-title":"","ast-breadcrumbs-content":"","ast-featured-img":"","footer-sml-layout":"","ast-disable-related-posts":"","theme-transparent-header-meta":"","adv-header-id-meta":"","stick-header-meta":"","header-above-stick-meta":"","header-main-stick-meta":"","header-below-stick-meta":"","astra-migrate-meta-layouts":"set","ast-page-background-enabled":"default","ast-page-background-meta":{"desktop":{"background-color":"var(--ast-global-color-4)","background-image":"","background-repeat":"repeat","background-position":"center center","background-size":"auto","background-attachment":"scroll","background-type":"","background-media":"","overlay-type":"","overlay-color":"","overlay-opacity":"","overlay-gradient":""},"tablet":{"background-color":"","background-image":"","background-repeat":"repeat","background-position":"center center","background-size":"auto","background-attachment":"scroll","background-type":"","background-media":"","overlay-type":"","overlay-color":"","overlay-opacity":"","overlay-gradient":""},"mobile":{"background-color":"","background-image":"","background-repeat":"repeat","background-position":"center center","background-size":"auto","background-attachment":"scroll","background-type":"","background-media":"","overlay-type":"","overlay-color":"","overlay-opacity":"","overlay-gradient":""}},"ast-content-background-meta":{"desktop":{"background-color":"var(--ast-global-color-5)","background-image":"","background-repeat":"repeat","background-position":"center center","background-size":"auto","background-attachment":"scroll","background-type":"","background-media":"","overlay-type":"","overlay-color":"","overlay-opacity":"","overlay-gradient":""},"tablet":{"background-color":"var(--ast-global-color-5)","background-image":"","background-repeat":"repeat","background-position":"center center","background-size":"auto","background-attachment":"scroll","background-type":"","background-media":"","overlay-type":"","overlay-color":"","overlay-opacity":"","overlay-gradient":""},"mobile":{"background-color":"var(--ast-global-color-5)","background-image":"","background-repeat":"repeat","background-position":"center center","background-size":"auto","background-attachment":"scroll","background-type":"","background-media":"","overlay-type":"","overlay-color":"","overlay-opacity":"","overlay-gradient":""}},"footnotes":""},"class_list":["post-1096","page","type-page","status-publish","hentry"],"_links":{"self":[{"href":"https:\/\/guemisa.es\/pt\/wp-json\/wp\/v2\/pages\/1096","targetHints":{"allow":["GET"]}}],"collection":[{"href":"https:\/\/guemisa.es\/pt\/wp-json\/wp\/v2\/pages"}],"about":[{"href":"https:\/\/guemisa.es\/pt\/wp-json\/wp\/v2\/types\/page"}],"author":[{"embeddable":true,"href":"https:\/\/guemisa.es\/pt\/wp-json\/wp\/v2\/users\/1"}],"replies":[{"embeddable":true,"href":"https:\/\/guemisa.es\/pt\/wp-json\/wp\/v2\/comments?post=1096"}],"version-history":[{"count":1,"href":"https:\/\/guemisa.es\/pt\/wp-json\/wp\/v2\/pages\/1096\/revisions"}],"predecessor-version":[{"id":1097,"href":"https:\/\/guemisa.es\/pt\/wp-json\/wp\/v2\/pages\/1096\/revisions\/1097"}],"wp:attachment":[{"href":"https:\/\/guemisa.es\/pt\/wp-json\/wp\/v2\/media?parent=1096"}],"curies":[{"name":"wp","href":"https:\/\/api.w.org\/{rel}","templated":true}]}}