{"id":989,"date":"2024-09-13T04:27:08","date_gmt":"2024-09-13T03:27:08","guid":{"rendered":"https:\/\/guemisa.es\/?page_id=989"},"modified":"2025-01-26T08:15:01","modified_gmt":"2025-01-26T07:15:01","slug":"declaracion-de-accesibilidade","status":"publish","type":"page","link":"https:\/\/guemisa.es\/gl\/declaracion-de-accesibilidad\/","title":{"rendered":"Declaraci\u00f3n de accesibilidade"},"content":{"rendered":"<div data-elementor-type=\"wp-page\" data-elementor-id=\"989\" class=\"elementor elementor-989\" data-elementor-post-type=\"page\">\n\t\t\t\t<div class=\"elementor-element elementor-element-afacd0e e-flex e-con-boxed e-con e-parent\" data-id=\"afacd0e\" data-element_type=\"container\" data-e-type=\"container\" data-settings=\"{&quot;background_background&quot;:&quot;classic&quot;}\">\n\t\t\t\t\t<div class=\"e-con-inner\">\n\t\t\t\t<div class=\"elementor-element elementor-element-ca42922 elementor-widget elementor-widget-text-editor\" data-id=\"ca42922\" data-element_type=\"widget\" data-e-type=\"widget\" data-widget_type=\"text-editor.default\">\n\t\t\t\t<div class=\"elementor-widget-container\">\n\t\t\t\t\t\t\t\t\t<p data-pm-slice=\"1 3 []\">Compromet\u00e9monos a que o noso sitio web sexa accesible de acordo co\u00a0<a href=\"https:\/\/www.boe.es\/buscar\/act.php?id=BOE-A-2018-12699\" target=\"_blank\" rel=\"noopener noreferrer nofollow\">Real decreto 1112\/2018, do 7 de setembro<\/a>, sobre accesibilidade de sitios web e aplicaci\u00f3ns para dispositivos m\u00f3biles no sector p\u00fablico (en diante, Real decreto 1112\/2018, do 7 de setembro).<\/p><p>\u00a0<\/p><p><strong>Estado de conformidade<\/strong><\/p><p>Este sitio web \u00e9\u00a0<strong>parcialmente conforme<\/strong>\u00a0co Real decreto 1112\/2018, do 7 de setembro, pola falta de conformidade dos aspectos que a continuaci\u00f3n se indican.<\/p><p>\u00a0<\/p><p><strong>Contido non accesible<\/strong><\/p><p>Non se pode acceder ao contido recollido a continuaci\u00f3n debido ao seguinte:<\/p><ol><li><p><strong>Carga desproporcionada<\/strong>: non aplicable.<\/p><\/li><\/ol><p>\u00a0<\/p><p><strong>Elaboraci\u00f3n desta declaraci\u00f3n de accesibilidade<\/strong><\/p><p>Esta declaraci\u00f3n foi elaborada <mark data-color=\"#F5EAC0\">13 de setembro de 2024<\/mark>.<\/p><p>O m\u00e9todo utilizado para elaborar a declaraci\u00f3n foi unha autoavaliaci\u00f3n realizada pola propia organizaci\u00f3n.<\/p><p>\u00a0<\/p><p><strong>Observaci\u00f3ns e informaci\u00f3n de contacto<\/strong><\/p><p>Poder\u00e1n realizar comunicaci\u00f3ns sobre requisitos de accesibilidade (artigo 10.2.a) do Real decreto 1112\/2018, do 7 de setembro) como, por exemplo:<\/p><ul><li><p>Informar de calquera posible incumprimento deste sitio web.<\/p><\/li><li><p>Transmitir outras dificultades de acceso ao contido.<\/p><\/li><li><p>Facer calquera outra pregunta ou suxesti\u00f3n de mellora en relaci\u00f3n \u00e1 accesibilidade do sitio web.<\/p><\/li><\/ul><p>A trav\u00e9s dos seguintes medios:<\/p><ul><li><p><mark data-color=\"#F5EAC0\">Correo electr\u00f3nico: <a href=\"mailto:ventas@guemisa.com\"><span class=\"elementor-icon-list-text\">ventas@guemisa.com<\/span><\/a><\/mark><\/p><\/li><li><p><mark data-color=\"#F5EAC0\">Tel\u00e9fono: <\/mark><a style=\"font-size: 16px; background-color: #ffffff;\" href=\"tel:+34917642100\"><span class=\"elementor-icon-list-text\">91 764 21 00<\/span><\/a><\/p><\/li><\/ul><p>As comunicaci\u00f3ns ser\u00e1n recibidas e tratadas pola direcci\u00f3n da empresa, como responsable dos contidos deste sitio web.<\/p><p>\u00a0<\/p><p><strong>Contido opcional<\/strong><\/p><p>A versi\u00f3n visible deste sitio web actualmente <mark data-color=\"#F5EAC0\">\u00c9 de setembro de 2024<\/mark> e nesa data revisouse o nivel de accesibilidade vixente naquel momento.<\/p><p>A partir desa data real\u00edzanse diariamente revisi\u00f3ns parciais dos contidos web novos ou modificados, tanto dos modelos como das p\u00e1xinas e documentos finais publicados, co fin de garantir o cumprimento dos requisitos de accesibilidade da Norma UNE-EN 301549 :2019. considerando as excepci\u00f3ns do Real decreto 1112\/2018, do 7 de setembro.<\/p><p>Entre outras, ad\u00f3ptanse as seguintes medidas para facilitar a accesibilidade:<\/p><ul><li><p>Utilizaci\u00f3n de texto alternativo nas imaxes<\/p><\/li><li><p>As ligaz\u00f3ns proporcionan detalles sobre a funci\u00f3n ou o destino da hiperligaz\u00f3n<\/p><\/li><li><p>Uso dos est\u00e1ndares W3C: XHTML 1.0, CSS 3.0, WAI AA.<\/p><\/li><\/ul>\t\t\t\t\t\t\t\t<\/div>\n\t\t\t\t<\/div>\n\t\t\t\t\t<\/div>\n\t\t\t\t<\/div>\n\t\t\t\t<\/div>","protected":false},"excerpt":{"rendered":"<p>Estamos comprometidos a hacer accesible nuestro sitio web de conformidad con el\u00a0Real Decreto 1112\/2018, de 7 de septiembre, sobre accesibilidad de los sitios web y aplicaciones para dispositivos m\u00f3viles del sector p\u00fablico (en adelante, Real Decreto 1112\/2018, de 7 de septiembre). \u00a0 Situaci\u00f3n de cumplimiento Este sitio web es\u00a0parcialmente conforme\u00a0con el Real Decreto 1112\/2018, de [&hellip;]<\/p>\n","protected":false},"author":1,"featured_media":0,"parent":0,"menu_order":0,"comment_status":"closed","ping_status":"closed","template":"","meta":{"site-sidebar-layout":"no-sidebar","site-content-layout":"page-builder","ast-site-content-layout":"full-width-container","site-content-style":"default","site-sidebar-style":"default","ast-global-header-display":"","ast-banner-title-visibility":"","ast-main-header-display":"","ast-hfb-above-header-display":"","ast-hfb-below-header-display":"","ast-hfb-mobile-header-display":"","site-post-title":"disabled","ast-breadcrumbs-content":"","ast-featured-img":"disabled","footer-sml-layout":"","ast-disable-related-posts":"","theme-transparent-header-meta":"","adv-header-id-meta":"","stick-header-meta":"","header-above-stick-meta":"","header-main-stick-meta":"","header-below-stick-meta":"","astra-migrate-meta-layouts":"set","ast-page-background-enabled":"default","ast-page-background-meta":{"desktop":{"background-color":"var(--ast-global-color-4)","background-image":"","background-repeat":"repeat","background-position":"center center","background-size":"auto","background-attachment":"scroll","background-type":"","background-media":"","overlay-type":"","overlay-color":"","overlay-opacity":"","overlay-gradient":""},"tablet":{"background-color":"","background-image":"","background-repeat":"repeat","background-position":"center center","background-size":"auto","background-attachment":"scroll","background-type":"","background-media":"","overlay-type":"","overlay-color":"","overlay-opacity":"","overlay-gradient":""},"mobile":{"background-color":"","background-image":"","background-repeat":"repeat","background-position":"center center","background-size":"auto","background-attachment":"scroll","background-type":"","background-media":"","overlay-type":"","overlay-color":"","overlay-opacity":"","overlay-gradient":""}},"ast-content-background-meta":{"desktop":{"background-color":"var(--ast-global-color-5)","background-image":"","background-repeat":"repeat","background-position":"center center","background-size":"auto","background-attachment":"scroll","background-type":"","background-media":"","overlay-type":"","overlay-color":"","overlay-opacity":"","overlay-gradient":""},"tablet":{"background-color":"var(--ast-global-color-5)","background-image":"","background-repeat":"repeat","background-position":"center center","background-size":"auto","background-attachment":"scroll","background-type":"","background-media":"","overlay-type":"","overlay-color":"","overlay-opacity":"","overlay-gradient":""},"mobile":{"background-color":"var(--ast-global-color-5)","background-image":"","background-repeat":"repeat","background-position":"center center","background-size":"auto","background-attachment":"scroll","background-type":"","background-media":"","overlay-type":"","overlay-color":"","overlay-opacity":"","overlay-gradient":""}},"footnotes":""},"class_list":["post-989","page","type-page","status-publish","hentry"],"_links":{"self":[{"href":"https:\/\/guemisa.es\/gl\/wp-json\/wp\/v2\/pages\/989","targetHints":{"allow":["GET"]}}],"collection":[{"href":"https:\/\/guemisa.es\/gl\/wp-json\/wp\/v2\/pages"}],"about":[{"href":"https:\/\/guemisa.es\/gl\/wp-json\/wp\/v2\/types\/page"}],"author":[{"embeddable":true,"href":"https:\/\/guemisa.es\/gl\/wp-json\/wp\/v2\/users\/1"}],"replies":[{"embeddable":true,"href":"https:\/\/guemisa.es\/gl\/wp-json\/wp\/v2\/comments?post=989"}],"version-history":[{"count":4,"href":"https:\/\/guemisa.es\/gl\/wp-json\/wp\/v2\/pages\/989\/revisions"}],"predecessor-version":[{"id":993,"href":"https:\/\/guemisa.es\/gl\/wp-json\/wp\/v2\/pages\/989\/revisions\/993"}],"wp:attachment":[{"href":"https:\/\/guemisa.es\/gl\/wp-json\/wp\/v2\/media?parent=989"}],"curies":[{"name":"wp","href":"https:\/\/api.w.org\/{rel}","templated":true}]}}