{"id":976,"date":"2024-09-13T04:23:24","date_gmt":"2024-09-13T03:23:24","guid":{"rendered":"https:\/\/guemisa.es\/?page_id=976"},"modified":"2025-01-26T08:15:54","modified_gmt":"2025-01-26T07:15:54","slug":"politica-de-privacidade","status":"publish","type":"page","link":"https:\/\/guemisa.es\/gl\/politica-de-privacidad\/","title":{"rendered":"Pol\u00edtica de privacidade"},"content":{"rendered":"<div data-elementor-type=\"wp-page\" data-elementor-id=\"976\" class=\"elementor elementor-976\" data-elementor-post-type=\"page\">\n\t\t\t\t<div class=\"elementor-element elementor-element-33fd5c3 e-flex e-con-boxed e-con e-parent\" data-id=\"33fd5c3\" data-element_type=\"container\" data-e-type=\"container\" data-settings=\"{&quot;background_background&quot;:&quot;classic&quot;}\">\n\t\t\t\t\t<div class=\"e-con-inner\">\n\t\t\t\t<div class=\"elementor-element elementor-element-d9de56f elementor-widget elementor-widget-text-editor\" data-id=\"d9de56f\" data-element_type=\"widget\" data-e-type=\"widget\" data-widget_type=\"text-editor.default\">\n\t\t\t\t<div class=\"elementor-widget-container\">\n\t\t\t\t\t\t\t\t\t<p data-pm-slice=\"1 1 []\">Esta Pol\u00edtica de Privacidade constit\u00fae, xunto coas Normas de Participaci\u00f3n e o aviso legal, o marco legal que regula o uso do sitio web.\u00a0<strong><mark data-color=\"#F5EAC0\">www.guemisa.com<\/mark><\/strong><mark data-color=\"#F5EAC0\">.<\/mark> Esta Pol\u00edtica de Privacidade regula especificamente o uso e tratamento que A EMPRESA d\u00e1 aos seus datos persoais como usuario do Sitio Web, xa que ao acceder a este sitio web pasa a ser usuario deste sitio web (en diante, o \u201cUsuario\u201d).<\/p><p><strong>Este sitio web \u00e9 propiedade de:<\/strong><\/p><p><mark data-color=\"#F5EAC0\">SENSORES E INSTRUMENTACI\u00d3N GUEMISA SL, con domicilio social en C\/ Fundificaci\u00f3n 4 Bis Planta 2 Oficina 2, Madrid \u2013 Espa\u00f1a e CIF:\u00a0<\/mark>B-87969416<mark data-color=\"#F5EAC0\">,<\/mark> en diante a EMPRESA.<\/p><p>\u00a0Na Web atopar\u00e1s esta Pol\u00edtica de Privacidade en catal\u00e1n \u00e1 t\u00faa disposici\u00f3n para que poidas consultala, arquivala ou imprimila en calquera momento. Poder\u00e1 variar no tempo como consecuencia de cambios no Sitio Web, evoluci\u00f3ns lexislativas ou xurisprudenciais, ou novos criterios da Axencia Espa\u00f1ola de Protecci\u00f3n de Datos ou novas normativas europeas que nos obriguen a realizar futuras modificaci\u00f3ns. Polo tanto, a EMPRESA res\u00e9rvase o dereito de modificar esta Pol\u00edtica de Privacidade e recomenda a s\u00faa lectura atenta sempre que acceda ao Sitio Web.<\/p><p><strong>Confidencialidade<\/strong><br \/>A EMPRESA comprom\u00e9tese ao cumprimento da s\u00faa obriga de segredo dos datos persoais e do deber de gardala confidencial e adopta as medidas necesarias para evitar a s\u00faa alteraci\u00f3n, perda, tratamento ou acceso non autorizado, tendo en conta en cada momento o estado da tecnolox\u00eda.<\/p><p><strong>Seguridade dos datos<br \/><\/strong>A EMPRESA garante a adopci\u00f3n das medidas oportunas para garantir o tratamento confidencial destes datos. Por este motivo, ten implantadas todas as medidas de seguridade t\u00e9cnicas e organizativas necesarias para garantir a integridade, confidencialidade e dispo\u00f1ibilidade dos datos persoais facilitados polo usuario, en particular as estipuladas no RGDP (Regulamento Xeral de Protecci\u00f3n de Datos \u2013 UE 2016). 679, do 27 de abril), que ampliou o \u00e1mbito de aplicaci\u00f3n da Lei org\u00e1nica 15\/1999, do 13 de decembro, de protecci\u00f3n de datos de car\u00e1cter persoal. (LOPD) e o seu Regulamento de Desenvolvemento RD 1720\/2007.<\/p><p><strong>Protecci\u00f3n de datos persoais<br \/><\/strong>Os datos persoais facilitados voluntariamente ser\u00e1n tratados de forma confidencial, baixo a protecci\u00f3n e especificaci\u00f3ns recollidas na normativa vixente, e ser\u00e1n recollidos nun ficheiro debidamente inscrito na Axencia de Protecci\u00f3n de Datos, do que \u00e9 responsable A EMPRESA, e cuxa finalidade \u00e9 a xesti\u00f3n de usuarios e abonados, as\u00ed como a venda en li\u00f1a de produtos e resoluci\u00f3n de consultas.<\/p><p>A base legal para o tratamento dos datos \u00e9 o consentimento do abonado. Tratamos os datos persoais dos inscritos no bolet\u00edn informativo coa exclusiva finalidade de enviarlles o noso bolet\u00edn informativo. Tratamos os datos persoais dos usuarios rexistrados e dos abonados pagadores coa \u00fanica finalidade de xestionar a s\u00faa relaci\u00f3n coa EMPRESA, cobrar cotas (se procede), organizar actividades e campa\u00f1as e enviar comunicaci\u00f3ns informativas e comerciais (tam\u00e9n por v\u00eda electr\u00f3nica).<\/p><p>Os datos persoais non ser\u00e1n cedidos a terceiros (salvo obriga legal) e conservaranse durante un per\u00edodo de seis (6) anos segundo a normativa contable vixente e, no seu caso, durante dez (10) segundo a normativa de prevenci\u00f3n de branqueo de capitais.<\/p><p>O usuario poder\u00e1 acceder aos datos persoais, as\u00ed como solicitar a rectificaci\u00f3n dos datos inexactos ou, no seu caso, solicitar a s\u00faa cancelaci\u00f3n ou supresi\u00f3n cando os datos xa non sexan necesarios para os fins recollidos. Tam\u00e9n poder\u00e1 solicitar a limitaci\u00f3n, portabilidade e oposici\u00f3n ao tratamento dos seus datos, en determinadas circunstancias e por motivos relacionados coa s\u00faa situaci\u00f3n particular.<\/p><p>Poder\u00e1 revogar o seu consentimento para o env\u00edo de comunicaci\u00f3ns comerciais e exercer os dereitos mencionados anteriormente, enviando un correo electr\u00f3nico a <a href=\"mailto:ventas@guemisa.com\"><span class=\"elementor-icon-list-text\">ventas@guemisa.com<\/span><\/a>\u00a0ou ben mediante escrito dirixido ao responsable do ficheiro situado no domicilio social da EMPRESA por correo ordinario, en ambos casos coa referencia: \u201cProtecci\u00f3n de Datos\u201d, mediante documento escrito asinado para o efecto e achegando copia do seu DNI.<\/p><p><strong>Informaci\u00f3n sobre cookies<br \/><\/strong>O sitio web utiliza cookies (&#039;cookies&#039;) na navegaci\u00f3n do usuario polos seus sitios web para facilitar a personalizaci\u00f3n e comodidade da navegaci\u00f3n.<\/p><p>Unha cookie \u00e9 unha informaci\u00f3n enviada desde un servidor de p\u00e1xina web a un navegador que pode ser devolto polo navegador en accesos posteriores a ese servidor. As &#039;cookies&#039; as\u00f3cianse ao usuario an\u00f3nimo e ao seu ordenador e non proporcionan por si mesmas o nome ou apelidos do usuario.<\/p><p>As cookies de Google \u00fasanse neste sitio web para mostrar publicidade baseada en visitas anteriores ao sitio web ou a outros sitios web que tam\u00e9n mostran anuncios de Google. Os usuarios poden desactivar o seguimento mediante cookies publicitarias accedendo a: <a href=\"https:\/\/www.google.com\/settings\/ads\" target=\"_blank\" rel=\"noopener noreferrer nofollow\">https:\/\/www.google.com\/settings\/ads<\/a><\/p><p><strong>Tipo de cookies<br \/><\/strong>Cookies de rexistro: para identificar o usuario que iniciou sesi\u00f3n.<br \/>Cookies publicitarias: Para poder ofrecer contidos publicitarios relacionados cos intereses do usuario, ben directamente ou a trav\u00e9s de terceiros denominados Adservers.<br \/>Cookies anal\u00edticas: para obter informaci\u00f3n relacionada coa medici\u00f3n da audiencia.<br \/>Cookies de xeolocalizaci\u00f3n: proporcionan informaci\u00f3n sobre a localizaci\u00f3n xeogr\u00e1fica do usuario.<br \/>O usuario ten a posibilidade de configurar o seu navegador para que sexa informado da recepci\u00f3n de &#039;cookies&#039;, con posibilidade, se as\u00ed o desexa, de impedir que se instalen no seu disco duro. Non obstante, para acceder ao sitio web non \u00e9 obrigatoria a instalaci\u00f3n de &#039;cookies&#039;.<\/p><p>Segundo o tipo de navegador que utilice o usuario, pode desactivar o uso de cookies en:<\/p><p>Chrome: Configuraci\u00f3n &gt; Configuraci\u00f3n avanzada &gt; Privacidade e seguridade &gt; Configuraci\u00f3n de contido<br \/>Firefox: Opci\u00f3ns &gt; Privacidade e seguridade<br \/>Edge: Configuraci\u00f3n &gt; Configuraci\u00f3n avanzada &gt; Privacidade e servizos<br \/>Safari: Preferencias &gt; Privacidade<\/p><p><strong>LSSICE<\/strong><br \/>As\u00ed mesmo, inform\u00e1moslle que non utilizamos estes datos para o env\u00edo de comunicaci\u00f3ns comerciais por correo electr\u00f3nico non solicitadas ou non expresamente e previamente autorizadas polo interesado, segundo o estipulado na LSSICE.<\/p><p><strong>Comunicaci\u00f3ns<\/strong><br \/>Para realizar calquera notificaci\u00f3n en relaci\u00f3n con este contrato, a EMPRESA designa expresamente como domicilio o que figura neste texto e o usuario designa expresamente como enderezo o que figura no formulario de solicitude. Para levar a cabo o contrato est\u00e1 obrigado a manter operativo, activo e actualizado o enderezo de correo electr\u00f3nico (e-mail) facilitado para as comunicaci\u00f3ns coa EMPRESA, xa que \u00e9 o medio de comunicaci\u00f3n preferente (a\u00ednda que non o \u00fanico). Con car\u00e1cter xeral, o usuario comprom\u00e9tese e est\u00e1 obrigado a ter a s\u00faa informaci\u00f3n persoal e de contacto permanentemente actualizada; e debe comunicar de forma fiable calquera cambio. A falta da dita comunicaci\u00f3n implicar\u00e1 que se considerar\u00e1n v\u00e1lidas as notificaci\u00f3ns realizadas ao enderezo que figuraba no formulario.<\/p><p><strong>Nulidade e ineficacia das cl\u00e1usulas<br \/><\/strong>Se algunha cl\u00e1usula desta Pol\u00edtica de Privacidade xunto coa Pol\u00edtica de Privacidade e a Pol\u00edtica de Cookies fose declarada total ou parcialmente nula ou ineficaz, afectar\u00e1 s\u00f3 a dita disposici\u00f3n ou a parte dela que resulte nula ou ineficaz, subsistindo en todos os seus aspectos condici\u00f3ns xerais e ter tal disposici\u00f3n ou a parte dela que se vexa afectada por non estar inclu\u00edda, salvo que, de ser imprescindible nestas condici\u00f3ns xerais, lles afecte de forma integral.<\/p><p><strong>Lei aplicable e xurisdici\u00f3n<br \/><\/strong>Para a resoluci\u00f3n de todas as controversias ou cuesti\u00f3ns relacionadas con este sitio web ou coas actividades desenvolvidas, aplicarase en todos os casos a lexislaci\u00f3n espa\u00f1ola, \u00e1 que se someten expresamente as partes. O mero feito de utilizar os servizos deste sitio web sup\u00f3n a aceptaci\u00f3n expresa da devandita aceptaci\u00f3n da xurisdici\u00f3n espa\u00f1ola.<\/p><p>As\u00ed mesmo, e salvo o expresado no par\u00e1grafo seguinte, as partes implicadas acordan que calquera controversia, discrepancia, cuesti\u00f3n ou reclamaci\u00f3n derivada da execuci\u00f3n ou interpretaci\u00f3n das presentes condici\u00f3ns ou relacionados, ou doutros textos que puidesen existir no sitio web, resolverase definitivamente mediante a s\u00faa submisi\u00f3n aos Xulgados e Tribunais de Barcelona con renuncia expresa a calquera outro foro ou demarcaci\u00f3n xurisdicional que puidese ser competente.<\/p><p>O par\u00e1grafo anterior non \u00e9 de aplicaci\u00f3n no caso de que unha das partes sexa consumidor ou usuario segundo a definici\u00f3n da normativa de protecci\u00f3n de consumidores e usuarios (Real decreto lexislativo 1\/2007, do 16 de novembro, polo que se aproba o texto refundido). da Lei Xeral para a Defensa dos Consumidores e Usuarios e demais leis complementarias), en tal caso, (e para os conflitos relacionados recollidos na Lei) o cargo designado no dita lexislaci\u00f3n.<\/p>\t\t\t\t\t\t\t\t<\/div>\n\t\t\t\t<\/div>\n\t\t\t\t\t<\/div>\n\t\t\t\t<\/div>\n\t\t\t\t<\/div>","protected":false},"excerpt":{"rendered":"<p>La presente Pol\u00edtica de Privacidad constituye junto con las Normas de participaci\u00f3n y el aviso legal el marco jur\u00eddico que regula el uso del sitio web\u00a0www.guemisa.com. La presente Pol\u00edtica de Privacidad en concreto regula el uso y tratamiento que LA EMPRESA da a sus datos de car\u00e1cter personal como usuario del Sitio web, ya que [&hellip;]<\/p>\n","protected":false},"author":1,"featured_media":0,"parent":0,"menu_order":0,"comment_status":"closed","ping_status":"closed","template":"","meta":{"site-sidebar-layout":"no-sidebar","site-content-layout":"page-builder","ast-site-content-layout":"full-width-container","site-content-style":"default","site-sidebar-style":"default","ast-global-header-display":"","ast-banner-title-visibility":"","ast-main-header-display":"","ast-hfb-above-header-display":"","ast-hfb-below-header-display":"","ast-hfb-mobile-header-display":"","site-post-title":"disabled","ast-breadcrumbs-content":"","ast-featured-img":"disabled","footer-sml-layout":"","ast-disable-related-posts":"","theme-transparent-header-meta":"","adv-header-id-meta":"","stick-header-meta":"","header-above-stick-meta":"","header-main-stick-meta":"","header-below-stick-meta":"","astra-migrate-meta-layouts":"set","ast-page-background-enabled":"default","ast-page-background-meta":{"desktop":{"background-color":"var(--ast-global-color-4)","background-image":"","background-repeat":"repeat","background-position":"center center","background-size":"auto","background-attachment":"scroll","background-type":"","background-media":"","overlay-type":"","overlay-color":"","overlay-opacity":"","overlay-gradient":""},"tablet":{"background-color":"","background-image":"","background-repeat":"repeat","background-position":"center center","background-size":"auto","background-attachment":"scroll","background-type":"","background-media":"","overlay-type":"","overlay-color":"","overlay-opacity":"","overlay-gradient":""},"mobile":{"background-color":"","background-image":"","background-repeat":"repeat","background-position":"center center","background-size":"auto","background-attachment":"scroll","background-type":"","background-media":"","overlay-type":"","overlay-color":"","overlay-opacity":"","overlay-gradient":""}},"ast-content-background-meta":{"desktop":{"background-color":"var(--ast-global-color-5)","background-image":"","background-repeat":"repeat","background-position":"center center","background-size":"auto","background-attachment":"scroll","background-type":"","background-media":"","overlay-type":"","overlay-color":"","overlay-opacity":"","overlay-gradient":""},"tablet":{"background-color":"var(--ast-global-color-5)","background-image":"","background-repeat":"repeat","background-position":"center center","background-size":"auto","background-attachment":"scroll","background-type":"","background-media":"","overlay-type":"","overlay-color":"","overlay-opacity":"","overlay-gradient":""},"mobile":{"background-color":"var(--ast-global-color-5)","background-image":"","background-repeat":"repeat","background-position":"center center","background-size":"auto","background-attachment":"scroll","background-type":"","background-media":"","overlay-type":"","overlay-color":"","overlay-opacity":"","overlay-gradient":""}},"footnotes":""},"class_list":["post-976","page","type-page","status-publish","hentry"],"_links":{"self":[{"href":"https:\/\/guemisa.es\/gl\/wp-json\/wp\/v2\/pages\/976","targetHints":{"allow":["GET"]}}],"collection":[{"href":"https:\/\/guemisa.es\/gl\/wp-json\/wp\/v2\/pages"}],"about":[{"href":"https:\/\/guemisa.es\/gl\/wp-json\/wp\/v2\/types\/page"}],"author":[{"embeddable":true,"href":"https:\/\/guemisa.es\/gl\/wp-json\/wp\/v2\/users\/1"}],"replies":[{"embeddable":true,"href":"https:\/\/guemisa.es\/gl\/wp-json\/wp\/v2\/comments?post=976"}],"version-history":[{"count":4,"href":"https:\/\/guemisa.es\/gl\/wp-json\/wp\/v2\/pages\/976\/revisions"}],"predecessor-version":[{"id":983,"href":"https:\/\/guemisa.es\/gl\/wp-json\/wp\/v2\/pages\/976\/revisions\/983"}],"wp:attachment":[{"href":"https:\/\/guemisa.es\/gl\/wp-json\/wp\/v2\/media?parent=976"}],"curies":[{"name":"wp","href":"https:\/\/api.w.org\/{rel}","templated":true}]}}