{"id":1980,"date":"2024-11-21T17:29:37","date_gmt":"2024-11-21T16:29:37","guid":{"rendered":"https:\/\/guemisa.es\/?page_id=1980"},"modified":"2025-01-26T08:16:03","modified_gmt":"2025-01-26T07:16:03","slug":"quen-somos","status":"publish","type":"page","link":"https:\/\/guemisa.es\/gl\/quienes-somos\/","title":{"rendered":"Quen somos"},"content":{"rendered":"<div data-elementor-type=\"wp-page\" data-elementor-id=\"1980\" class=\"elementor elementor-1980\" data-elementor-post-type=\"page\">\n\t\t\t\t<div class=\"elementor-element elementor-element-undefined-4bb2c27 e-flex e-con-boxed e-con e-parent\" data-id=\"undefined-4bb2c27\" data-element_type=\"container\" data-e-type=\"container\">\n\t\t\t\t\t<div class=\"e-con-inner\">\n\t\t<div class=\"elementor-element elementor-element-undefined-674365e e-con-full e-flex e-con e-child\" data-id=\"undefined-674365e\" data-element_type=\"container\" data-e-type=\"container\">\n\t\t\t\t<div class=\"elementor-element elementor-element-undefined-ff25e1a elementor-widget elementor-widget-heading\" data-id=\"undefined-ff25e1a\" data-element_type=\"widget\" data-e-type=\"widget\" data-widget_type=\"heading.default\">\n\t\t\t\t<div class=\"elementor-widget-container\">\n\t\t\t\t\t<h2 class=\"elementor-heading-title elementor-size-default\">Quen Somos<\/h2>\t\t\t\t<\/div>\n\t\t\t\t<\/div>\n\t\t\t\t<div class=\"elementor-element elementor-element-undefined-b2db4a5 elementor-widget elementor-widget-text-editor\" data-id=\"undefined-b2db4a5\" data-element_type=\"widget\" data-e-type=\"widget\" data-widget_type=\"text-editor.default\">\n\t\t\t\t<div class=\"elementor-widget-container\">\n\t\t\t\t\t\t\t\t\t<p style=\"font-weight: 400;\">Guemisa estaba <strong>fundada en 1985<\/strong> por dous especialistas en electr\u00f3nica, o obxectivo da compa\u00f1\u00eda era dar cobertura e soluci\u00f3ns ao sector electr\u00f3nico en Espa\u00f1a. Comercializaci\u00f3n de teclados de membrana, transformadores, rel\u00e9s e diferentes compo\u00f1entes electr\u00f3nicos.<\/p><p style=\"font-weight: 400;\">Co paso dos anos tam\u00e9n nos especializamos en sensores e conversores de sinal. Empresa de segunda xeraci\u00f3n, estamos orgullosos de representar a marcas de prestixio e calidade que brindan soluci\u00f3ns a todo tipo de empresas, dende <strong>obra civil, enxe\u00f1ar\u00eda e industria en xeral<\/strong>.<\/p><p>\u00a0<\/p><p style=\"font-weight: 400;\">Temos unha ampla experiencia proporcionando soluci\u00f3ns e facendo <strong>equipos de medida<\/strong>.<\/p><p>\u00a0<\/p><h2 style=\"font-weight: 400;\">O que nos fai especiais<\/h2><p style=\"font-weight: 400;\">Guemisa colabora estreitamente cos seus clientes e provedores para atopar <strong>as mellores soluci\u00f3ns de sensores e a t\u00e9cnica de medida m\u00e1is adecuada.<\/strong> Ofrecemos unha ampla gama de modelos est\u00e1ndar, pero tam\u00e9n desenvolvemos produtos personalizados, adapt\u00e1ndonos \u00e1s necesidades dos clientes.<\/p><p style=\"font-weight: 400;\">O noso obxectivo \u00e9 ofrecer unha tecnolox\u00eda especialmente precisa e robusta e crecer xunto cos nosos clientes.<\/p><p style=\"font-weight: 400;\">Para n\u00f3s, os nosos clientes son<strong> socios tecnol\u00f3xicos<\/strong> con quen colaboramos e atopamos a mellor soluci\u00f3n adaptando produtos est\u00e1ndar ou realizando desenvolvementos personalizados.<\/p>\t\t\t\t\t\t\t\t<\/div>\n\t\t\t\t<\/div>\n\t\t\t\t<\/div>\n\t\t<div class=\"elementor-element elementor-element-undefined-7a13fe6 e-con-full e-flex e-con e-child\" data-id=\"undefined-7a13fe6\" data-element_type=\"container\" data-e-type=\"container\">\n\t\t\t\t<div class=\"elementor-element elementor-element-undefined-a96ccec elementor-widget elementor-widget-image\" data-id=\"undefined-a96ccec\" data-element_type=\"widget\" data-e-type=\"widget\" data-widget_type=\"image.default\">\n\t\t\t\t<div class=\"elementor-widget-container\">\n\t\t\t\t\t\t\t\t\t\t\t\t\t\t\t<img fetchpriority=\"high\" decoding=\"async\" width=\"512\" height=\"512\" src=\"https:\/\/guemisa.es\/wp-content\/uploads\/2024\/09\/cropped-GM-EN-3D.png\" class=\"attachment-large size-large wp-image-7\" alt=\"\" srcset=\"https:\/\/guemisa.es\/wp-content\/uploads\/2024\/09\/cropped-GM-EN-3D.png 512w, https:\/\/guemisa.es\/wp-content\/uploads\/2024\/09\/cropped-GM-EN-3D-300x300.png 300w, https:\/\/guemisa.es\/wp-content\/uploads\/2024\/09\/cropped-GM-EN-3D-150x150.png 150w, https:\/\/guemisa.es\/wp-content\/uploads\/2024\/09\/cropped-GM-EN-3D-270x270.png 270w, https:\/\/guemisa.es\/wp-content\/uploads\/2024\/09\/cropped-GM-EN-3D-192x192.png 192w, https:\/\/guemisa.es\/wp-content\/uploads\/2024\/09\/cropped-GM-EN-3D-180x180.png 180w, https:\/\/guemisa.es\/wp-content\/uploads\/2024\/09\/cropped-GM-EN-3D-32x32.png 32w\" sizes=\"(max-width: 512px) 100vw, 512px\" title=\"\">\t\t\t\t\t\t\t\t\t\t\t\t\t\t\t<\/div>\n\t\t\t\t<\/div>\n\t\t\t\t<\/div>\n\t\t\t\t\t<\/div>\n\t\t\t\t<\/div>\n\t\t\t\t<\/div>","protected":false},"excerpt":{"rendered":"<p>Quienes Somos Guemisa fue fundada en 1985 por dos especialistas en electr\u00f3nica, el objetivo de la empresa era dar cobertura y soluciones al sector electr\u00f3nico en Espa\u00f1a. Comercializando teclados de membrana, transformadores, rel\u00e9s y diferentes componentes electr\u00f3nicos. Tras los a\u00f1os nos especializamos tambi\u00e9n en sensores y convertidores de se\u00f1al. Empresa de segunda generaci\u00f3n estamos orgullosos [&hellip;]<\/p>\n","protected":false},"author":2,"featured_media":0,"parent":0,"menu_order":0,"comment_status":"closed","ping_status":"closed","template":"","meta":{"site-sidebar-layout":"no-sidebar","site-content-layout":"page-builder","ast-site-content-layout":"full-width-container","site-content-style":"default","site-sidebar-style":"default","ast-global-header-display":"","ast-banner-title-visibility":"","ast-main-header-display":"","ast-hfb-above-header-display":"","ast-hfb-below-header-display":"","ast-hfb-mobile-header-display":"","site-post-title":"disabled","ast-breadcrumbs-content":"","ast-featured-img":"disabled","footer-sml-layout":"","ast-disable-related-posts":"","theme-transparent-header-meta":"","adv-header-id-meta":"","stick-header-meta":"","header-above-stick-meta":"","header-main-stick-meta":"","header-below-stick-meta":"","astra-migrate-meta-layouts":"set","ast-page-background-enabled":"default","ast-page-background-meta":{"desktop":{"background-color":"var(--ast-global-color-4)","background-image":"","background-repeat":"repeat","background-position":"center center","background-size":"auto","background-attachment":"scroll","background-type":"","background-media":"","overlay-type":"","overlay-color":"","overlay-opacity":"","overlay-gradient":""},"tablet":{"background-color":"","background-image":"","background-repeat":"repeat","background-position":"center center","background-size":"auto","background-attachment":"scroll","background-type":"","background-media":"","overlay-type":"","overlay-color":"","overlay-opacity":"","overlay-gradient":""},"mobile":{"background-color":"","background-image":"","background-repeat":"repeat","background-position":"center center","background-size":"auto","background-attachment":"scroll","background-type":"","background-media":"","overlay-type":"","overlay-color":"","overlay-opacity":"","overlay-gradient":""}},"ast-content-background-meta":{"desktop":{"background-color":"var(--ast-global-color-5)","background-image":"","background-repeat":"repeat","background-position":"center center","background-size":"auto","background-attachment":"scroll","background-type":"","background-media":"","overlay-type":"","overlay-color":"","overlay-opacity":"","overlay-gradient":""},"tablet":{"background-color":"var(--ast-global-color-5)","background-image":"","background-repeat":"repeat","background-position":"center center","background-size":"auto","background-attachment":"scroll","background-type":"","background-media":"","overlay-type":"","overlay-color":"","overlay-opacity":"","overlay-gradient":""},"mobile":{"background-color":"var(--ast-global-color-5)","background-image":"","background-repeat":"repeat","background-position":"center center","background-size":"auto","background-attachment":"scroll","background-type":"","background-media":"","overlay-type":"","overlay-color":"","overlay-opacity":"","overlay-gradient":""}},"footnotes":""},"class_list":["post-1980","page","type-page","status-publish","hentry"],"_links":{"self":[{"href":"https:\/\/guemisa.es\/gl\/wp-json\/wp\/v2\/pages\/1980","targetHints":{"allow":["GET"]}}],"collection":[{"href":"https:\/\/guemisa.es\/gl\/wp-json\/wp\/v2\/pages"}],"about":[{"href":"https:\/\/guemisa.es\/gl\/wp-json\/wp\/v2\/types\/page"}],"author":[{"embeddable":true,"href":"https:\/\/guemisa.es\/gl\/wp-json\/wp\/v2\/users\/2"}],"replies":[{"embeddable":true,"href":"https:\/\/guemisa.es\/gl\/wp-json\/wp\/v2\/comments?post=1980"}],"version-history":[{"count":7,"href":"https:\/\/guemisa.es\/gl\/wp-json\/wp\/v2\/pages\/1980\/revisions"}],"predecessor-version":[{"id":2112,"href":"https:\/\/guemisa.es\/gl\/wp-json\/wp\/v2\/pages\/1980\/revisions\/2112"}],"wp:attachment":[{"href":"https:\/\/guemisa.es\/gl\/wp-json\/wp\/v2\/media?parent=1980"}],"curies":[{"name":"wp","href":"https:\/\/api.w.org\/{rel}","templated":true}]}}