{"id":1980,"date":"2024-11-21T17:29:37","date_gmt":"2024-11-21T16:29:37","guid":{"rendered":"https:\/\/guemisa.es\/?page_id=1980"},"modified":"2025-01-26T08:16:03","modified_gmt":"2025-01-26T07:16:03","slug":"qui-nous-sommes","status":"publish","type":"page","link":"https:\/\/guemisa.es\/fr\/quienes-somos\/","title":{"rendered":"Qui nous sommes"},"content":{"rendered":"<div data-elementor-type=\"wp-page\" data-elementor-id=\"1980\" class=\"elementor elementor-1980\" data-elementor-post-type=\"page\">\n\t\t\t\t<div class=\"elementor-element elementor-element-undefined-4bb2c27 e-flex e-con-boxed e-con e-parent\" data-id=\"undefined-4bb2c27\" data-element_type=\"container\" data-e-type=\"container\">\n\t\t\t\t\t<div class=\"e-con-inner\">\n\t\t<div class=\"elementor-element elementor-element-undefined-674365e e-con-full e-flex e-con e-child\" data-id=\"undefined-674365e\" data-element_type=\"container\" data-e-type=\"container\">\n\t\t\t\t<div class=\"elementor-element elementor-element-undefined-ff25e1a elementor-widget elementor-widget-heading\" data-id=\"undefined-ff25e1a\" data-element_type=\"widget\" data-e-type=\"widget\" data-widget_type=\"heading.default\">\n\t\t\t\t<div class=\"elementor-widget-container\">\n\t\t\t\t\t<h2 class=\"elementor-heading-title elementor-size-default\">Qui nous sommes<\/h2>\t\t\t\t<\/div>\n\t\t\t\t<\/div>\n\t\t\t\t<div class=\"elementor-element elementor-element-undefined-b2db4a5 elementor-widget elementor-widget-text-editor\" data-id=\"undefined-b2db4a5\" data-element_type=\"widget\" data-e-type=\"widget\" data-widget_type=\"text-editor.default\">\n\t\t\t\t<div class=\"elementor-widget-container\">\n\t\t\t\t\t\t\t\t\t<p style=\"font-weight: 400;\">Guemisa \u00e9tait <strong>fond\u00e9e en 1985<\/strong> par deux sp\u00e9cialistes en \u00e9lectronique, l&#039;objectif de l&#039;entreprise \u00e9tait d&#039;apporter une couverture et des solutions au secteur \u00e9lectronique en Espagne. Commercialisation de claviers \u00e0 membranes, transformateurs, relais et diff\u00e9rents composants \u00e9lectroniques.<\/p><p style=\"font-weight: 400;\">Au fil des ann\u00e9es, nous nous sommes \u00e9galement sp\u00e9cialis\u00e9s dans les capteurs et convertisseurs de signaux. Entreprise de deuxi\u00e8me g\u00e9n\u00e9ration, nous sommes fiers de repr\u00e9senter des marques prestigieuses et de qualit\u00e9 qui apportent des solutions \u00e0 tous types d&#039;entreprises, de <strong>travaux publics, ing\u00e9nierie et industrie en g\u00e9n\u00e9ral<\/strong>.<\/p><p>\u00a0<\/p><p style=\"font-weight: 400;\">Nous avons une vaste exp\u00e9rience dans la fourniture de solutions et la r\u00e9alisation <strong>\u00e9quipement de mesure<\/strong>.<\/p><p>\u00a0<\/p><h2 style=\"font-weight: 400;\">Ce qui nous rend sp\u00e9cial<\/h2><p style=\"font-weight: 400;\">Guemisa collabore \u00e9troitement avec ses clients et fournisseurs pour trouver <strong>les meilleures solutions de capteurs et la technique de mesure la plus appropri\u00e9e.<\/strong> Nous proposons une large gamme de mod\u00e8les standards, mais nous d\u00e9veloppons \u00e9galement des produits sur mesure, en nous adaptant aux besoins des clients.<\/p><p style=\"font-weight: 400;\">Notre objectif est de proposer une technologie particuli\u00e8rement pr\u00e9cise et robuste et de grandir avec nos clients.<\/p><p style=\"font-weight: 400;\">Pour nous, nos clients sont<strong> partenaires technologiques<\/strong> avec qui nous collaborons et trouvons la meilleure solution en adaptant des produits standards ou en r\u00e9alisant des d\u00e9veloppements sur mesure.<\/p>\t\t\t\t\t\t\t\t<\/div>\n\t\t\t\t<\/div>\n\t\t\t\t<\/div>\n\t\t<div class=\"elementor-element elementor-element-undefined-7a13fe6 e-con-full e-flex e-con e-child\" data-id=\"undefined-7a13fe6\" data-element_type=\"container\" data-e-type=\"container\">\n\t\t\t\t<div class=\"elementor-element elementor-element-undefined-a96ccec elementor-widget elementor-widget-image\" data-id=\"undefined-a96ccec\" data-element_type=\"widget\" data-e-type=\"widget\" data-widget_type=\"image.default\">\n\t\t\t\t<div class=\"elementor-widget-container\">\n\t\t\t\t\t\t\t\t\t\t\t\t\t\t\t<img fetchpriority=\"high\" decoding=\"async\" width=\"512\" height=\"512\" src=\"https:\/\/guemisa.es\/wp-content\/uploads\/2024\/09\/cropped-GM-EN-3D.png\" class=\"attachment-large size-large wp-image-7\" alt=\"\" srcset=\"https:\/\/guemisa.es\/wp-content\/uploads\/2024\/09\/cropped-GM-EN-3D.png 512w, https:\/\/guemisa.es\/wp-content\/uploads\/2024\/09\/cropped-GM-EN-3D-300x300.png 300w, https:\/\/guemisa.es\/wp-content\/uploads\/2024\/09\/cropped-GM-EN-3D-150x150.png 150w, https:\/\/guemisa.es\/wp-content\/uploads\/2024\/09\/cropped-GM-EN-3D-270x270.png 270w, https:\/\/guemisa.es\/wp-content\/uploads\/2024\/09\/cropped-GM-EN-3D-192x192.png 192w, https:\/\/guemisa.es\/wp-content\/uploads\/2024\/09\/cropped-GM-EN-3D-180x180.png 180w, https:\/\/guemisa.es\/wp-content\/uploads\/2024\/09\/cropped-GM-EN-3D-32x32.png 32w\" sizes=\"(max-width: 512px) 100vw, 512px\" title=\"\">\t\t\t\t\t\t\t\t\t\t\t\t\t\t\t<\/div>\n\t\t\t\t<\/div>\n\t\t\t\t<\/div>\n\t\t\t\t\t<\/div>\n\t\t\t\t<\/div>\n\t\t\t\t<\/div>","protected":false},"excerpt":{"rendered":"<p>Quienes Somos Guemisa fue fundada en 1985 por dos especialistas en electr\u00f3nica, el objetivo de la empresa era dar cobertura y soluciones al sector electr\u00f3nico en Espa\u00f1a. Comercializando teclados de membrana, transformadores, rel\u00e9s y diferentes componentes electr\u00f3nicos. Tras los a\u00f1os nos especializamos tambi\u00e9n en sensores y convertidores de se\u00f1al. Empresa de segunda generaci\u00f3n estamos orgullosos [&hellip;]<\/p>\n","protected":false},"author":2,"featured_media":0,"parent":0,"menu_order":0,"comment_status":"closed","ping_status":"closed","template":"","meta":{"site-sidebar-layout":"no-sidebar","site-content-layout":"page-builder","ast-site-content-layout":"full-width-container","site-content-style":"default","site-sidebar-style":"default","ast-global-header-display":"","ast-banner-title-visibility":"","ast-main-header-display":"","ast-hfb-above-header-display":"","ast-hfb-below-header-display":"","ast-hfb-mobile-header-display":"","site-post-title":"disabled","ast-breadcrumbs-content":"","ast-featured-img":"disabled","footer-sml-layout":"","ast-disable-related-posts":"","theme-transparent-header-meta":"","adv-header-id-meta":"","stick-header-meta":"","header-above-stick-meta":"","header-main-stick-meta":"","header-below-stick-meta":"","astra-migrate-meta-layouts":"set","ast-page-background-enabled":"default","ast-page-background-meta":{"desktop":{"background-color":"var(--ast-global-color-4)","background-image":"","background-repeat":"repeat","background-position":"center center","background-size":"auto","background-attachment":"scroll","background-type":"","background-media":"","overlay-type":"","overlay-color":"","overlay-opacity":"","overlay-gradient":""},"tablet":{"background-color":"","background-image":"","background-repeat":"repeat","background-position":"center center","background-size":"auto","background-attachment":"scroll","background-type":"","background-media":"","overlay-type":"","overlay-color":"","overlay-opacity":"","overlay-gradient":""},"mobile":{"background-color":"","background-image":"","background-repeat":"repeat","background-position":"center center","background-size":"auto","background-attachment":"scroll","background-type":"","background-media":"","overlay-type":"","overlay-color":"","overlay-opacity":"","overlay-gradient":""}},"ast-content-background-meta":{"desktop":{"background-color":"var(--ast-global-color-5)","background-image":"","background-repeat":"repeat","background-position":"center center","background-size":"auto","background-attachment":"scroll","background-type":"","background-media":"","overlay-type":"","overlay-color":"","overlay-opacity":"","overlay-gradient":""},"tablet":{"background-color":"var(--ast-global-color-5)","background-image":"","background-repeat":"repeat","background-position":"center center","background-size":"auto","background-attachment":"scroll","background-type":"","background-media":"","overlay-type":"","overlay-color":"","overlay-opacity":"","overlay-gradient":""},"mobile":{"background-color":"var(--ast-global-color-5)","background-image":"","background-repeat":"repeat","background-position":"center center","background-size":"auto","background-attachment":"scroll","background-type":"","background-media":"","overlay-type":"","overlay-color":"","overlay-opacity":"","overlay-gradient":""}},"footnotes":""},"class_list":["post-1980","page","type-page","status-publish","hentry"],"_links":{"self":[{"href":"https:\/\/guemisa.es\/fr\/wp-json\/wp\/v2\/pages\/1980","targetHints":{"allow":["GET"]}}],"collection":[{"href":"https:\/\/guemisa.es\/fr\/wp-json\/wp\/v2\/pages"}],"about":[{"href":"https:\/\/guemisa.es\/fr\/wp-json\/wp\/v2\/types\/page"}],"author":[{"embeddable":true,"href":"https:\/\/guemisa.es\/fr\/wp-json\/wp\/v2\/users\/2"}],"replies":[{"embeddable":true,"href":"https:\/\/guemisa.es\/fr\/wp-json\/wp\/v2\/comments?post=1980"}],"version-history":[{"count":7,"href":"https:\/\/guemisa.es\/fr\/wp-json\/wp\/v2\/pages\/1980\/revisions"}],"predecessor-version":[{"id":2112,"href":"https:\/\/guemisa.es\/fr\/wp-json\/wp\/v2\/pages\/1980\/revisions\/2112"}],"wp:attachment":[{"href":"https:\/\/guemisa.es\/fr\/wp-json\/wp\/v2\/media?parent=1980"}],"curies":[{"name":"wp","href":"https:\/\/api.w.org\/{rel}","templated":true}]}}