{"id":1096,"date":"2024-09-17T14:57:58","date_gmt":"2024-09-17T13:57:58","guid":{"rendered":"https:\/\/guemisa.es\/?page_id=1096"},"modified":"2025-01-26T08:13:41","modified_gmt":"2025-01-26T07:13:41","slug":"quest-ce-que-loxygene-dissous-2","status":"publish","type":"page","link":"https:\/\/guemisa.es\/fr\/que-es-el-oxigeno-disuelto\/","title":{"rendered":"Qu\u2019est-ce que l\u2019oxyg\u00e8ne dissous ?"},"content":{"rendered":"<h1 class=\"wp-block-heading\">Oxyg\u00e8ne dissous<\/h1>\n\n\n\n<h2 class=\"wp-block-heading\"><\/h2>\n\n\n\n<figure class=\"wp-block-table\"><table class=\"has-fixed-layout\"><tbody><tr><td colspan=\"2\">Tableau 1\u00a0: Exigence minimale en mati\u00e8re d&#039;OD<\/td><\/tr><tr><td><br>Corps<\/td><td>Oxyg\u00e8ne dissous minimum (mg\/L)<\/td><\/tr><tr><td>Truite<\/td><td>6.5<\/td><\/tr><tr><td>Poubelle \u00e0 petite bouche<\/td><td>6.5<\/td><\/tr><tr><td>Larves de tricopt\u00e8re<\/td><td>4.0<\/td><\/tr><tr><td>Larves d&#039;\u00e9ph\u00e9m\u00e8re<\/td><td>4.0<\/td><\/tr><tr><td>barbotte<\/td><td>2.5<\/td><\/tr><tr><td>Grande tente<\/td><td>2.0<\/td><\/tr><tr><td>Larves de moustiques<\/td><td>1.0<\/td><\/tr><\/tbody><\/table><\/figure>\n\n\n\n<p>L&#039;oxyg\u00e8ne gazeux dissous dans l&#039;eau est vital pour l&#039;existence de la plupart des organismes aquatiques. L&#039;oxyg\u00e8ne est un \u00e9l\u00e9ment cl\u00e9<\/p>\n\n\n\n<p>dans la respiration cellulaire pour la vie aquatique et la vie terrestre. La concentration d&#039;oxyg\u00e8ne dissous (<em>FAIRE<\/em>) en milieu aquatique est un indicateur important de la qualit\u00e9 de l\u2019eau ambiante.<\/p>\n\n\n\n<p>Certains organismes, comme le saumon, les \u00e9ph\u00e9m\u00e8res et la truite, n\u00e9cessitent de fortes concentrations d&#039;oxyg\u00e8ne dissous. D&#039;autres organismes, tels que le poisson-chat, les larves de moustiques et la carpe, peuvent survivre dans des environnements \u00e0 faibles concentrations d&#039;oxyg\u00e8ne dissous. La diversit\u00e9 des organismes est bien plus grande \u00e0 des concentrations \u00e9lev\u00e9es d&#039;OD. Le tableau 1 indique les concentrations minimales d&#039;oxyg\u00e8ne dissous n\u00e9cessaires pour nourrir diff\u00e9rents animaux.<\/p>\n\n\n\n<ul id=\"l1\" class=\"wp-block-list\">\n<li>diffusion de l&#039;atmosph\u00e8re<\/li>\n\n\n\n<li>Oxyg\u00e9nation due au mouvement de l&#039;eau sur des roches ou des d\u00e9bris<\/li>\n\n\n\n<li>Oxyg\u00e9nation par le vent ou les vagues<\/li>\n\n\n\n<li>Photosynth\u00e8se des plantes aquatiques<\/li>\n<\/ul>\n\n\n\n<p>FAIRE Sources<\/p>\n\n\n\n<p>L&#039;oxyg\u00e8ne gazeux se dissout dans l&#039;eau par divers processus tels que la diffusion entre l&#039;atmosph\u00e8re et l&#039;eau, l&#039;oxyg\u00e9nation par l&#039;\u00e9coulement de l&#039;eau sur les roches et autres d\u00e9bris, l&#039;agitation de l&#039;eau par les vagues et le vent et la photosynth\u00e8se des plantes aquatiques. De nombreux facteurs affectent la concentration d\u2019oxyg\u00e8ne dissous dans un environnement aquatique. Ces facteurs comprennent\u00a0: la temp\u00e9rature, le d\u00e9bit des cours d\u2019eau, la pression atmosph\u00e9rique, les plantes aquatiques, la mati\u00e8re organique en d\u00e9composition et l\u2019activit\u00e9 humaine.<\/p>\n\n\n\n<ul id=\"l2\" class=\"wp-block-list\">\n<li>Temp\u00e9rature<\/li>\n\n\n\n<li>Populations de plantes aquatiques<\/li>\n\n\n\n<li>D\u00e9composition des mati\u00e8res organiques dans l&#039;eau<\/li>\n\n\n\n<li>Flux de courant<\/li>\n\n\n\n<li>Pression atmosph\u00e9rique et hauteur<\/li>\n\n\n\n<li>Activit\u00e9 humaine<\/li>\n<\/ul>\n\n\n\n<p>Facteurs affectant les niveaux d&#039;OD<\/p>\n\n\n\n<p>En raison de l\u2019activit\u00e9 des plantes, les niveaux d\u2019OD peuvent fluctuer au cours de la journ\u00e9e, augmentant tout au long de la matin\u00e9e et atteignant un maximum l\u2019apr\u00e8s-midi. La nuit, la photosynth\u00e8se cesse, mais les plantes et les animaux continuent de respirer, provoquant une diminution des niveaux d&#039;OD. Comme des fluctuations quotidiennes sont possibles, les tests de DO doivent \u00eatre effectu\u00e9s \u00e0 la m\u00eame heure chaque jour. De grandes fluctuations des niveaux d\u2019oxyg\u00e8ne dissous sur de courtes p\u00e9riodes peuvent entra\u00eener une multiplication des algues. \u00c0 mesure que la population d\u2019algues augmente rapidement, les niveaux d\u2019oxyg\u00e8ne dissous augmentent. Bient\u00f4t les algues commencent<\/p>\n\n\n\n<p>mourir et sont d\u00e9compos\u00e9s par des bact\u00e9ries a\u00e9robies, qui utilisent l&#039;oxyg\u00e8ne. \u00c0 mesure que davantage d\u2019algues meurent, les besoins en oxyg\u00e8ne dus \u00e0 la d\u00e9composition a\u00e9robie augmentent, ce qui<\/p>\n\n\n\n<p>entra\u00eene une forte baisse des niveaux d\u2019oxyg\u00e8ne. \u00c0 la suite d\u2019une prolif\u00e9ration d\u2019algues, les niveaux d\u2019oxyg\u00e8ne peuvent \u00eatre si bas que les poissons et autres organismes aquatiques s\u2019\u00e9touffent et meurent.<\/p>\n\n\n\n<figure class=\"wp-block-table\"><table class=\"has-fixed-layout\"><tbody><tr><td colspan=\"2\">Tableau 2<\/td><\/tr><tr><td>Niveau FAIRE<\/td><td>Pourcentage de saturation de l&#039;OD<\/td><\/tr><tr><td>Sursaturation1<\/td><td>\uf0b3 101%<\/td><\/tr><tr><td>Excellent<\/td><td>90 \u2013 100%<\/td><\/tr><tr><td>Appropri\u00e9<\/td><td>80 \u2013 89%<\/td><\/tr><tr><td>Acceptable<\/td><td>60-79%<\/td><\/tr><tr><td>Pauvre<\/td><td>\uf03c60%<\/td><\/tr><\/tbody><\/table><\/figure>\n\n\n\n<p>La temp\u00e9rature est un facteur important dans la capacit\u00e9 de dissolution de l\u2019oxyg\u00e8ne, car l\u2019oxyg\u00e8ne, comme tous les gaz, a des solubilit\u00e9s diff\u00e9rentes selon les temp\u00e9ratures. Les eaux plus froides ont une plus grande capacit\u00e9 en oxyg\u00e8ne<\/p>\n\n\n\n<p>dissous que les eaux plus chaudes. L&#039;activit\u00e9 humaine, comme l&#039;enl\u00e8vement du feuillage le long d&#039;un cours d&#039;eau ou le rejet d&#039;eau chaude utilis\u00e9e dans les processus industriels, peut provoquer une augmentation de la temp\u00e9rature de l&#039;eau le long d&#039;un r\u00e9tr\u00e9cissement donn\u00e9 du cours d&#039;eau. Cela se traduit par une moindre capacit\u00e9 du flux \u00e0 dissoudre l\u2019oxyg\u00e8ne.<\/p>\n\n\n\n<h2 class=\"wp-block-heading\">Niveaux attendus<\/h2>\n\n\n\n<p>L&#039;unit\u00e9 mg\/L2 est la quantit\u00e9 d&#039;oxyg\u00e8ne gazeux<\/p>\n\n\n\n<p>dissous dans un litre d&#039;eau. Lorsqu\u2019on relie les mesures d\u2019OD aux niveaux minimaux requis par les organismes aquatiques, l\u2019unit\u00e9 mg\/L est utilis\u00e9e. La proc\u00e9dure d\u00e9crite dans ce document couvre l&#039;utilisation d&#039;un capteur d&#039;oxyg\u00e8ne dissous pour mesurer la concentration d&#039;OD en mg\/L. La concentration d&#039;oxyg\u00e8ne dissous peut varier de 0 \u00e0 15 mg\/L. Les ruisseaux de montagne froids auront probablement des concentrations d&#039;OD allant de 7 \u00e0 15 mg\/L, selon la temp\u00e9rature de l&#039;eau et la pression atmosph\u00e9rique. \u00c0 leur plus bas niveau, les rivi\u00e8res et les ruisseaux peuvent pr\u00e9senter une concentration d&#039;OD comprise entre 2 et 11 mg\/L.<\/p>\n\n\n\n<p>Lors de l\u2019analyse de la qualit\u00e9 de l\u2019eau d\u2019un ruisseau ou d\u2019une rivi\u00e8re, il est pratique d\u2019utiliser une unit\u00e9 autre que le mg\/L. Le terme pourcentage de saturation est souvent utilis\u00e9 pour comparer la qualit\u00e9 de l\u2019eau. Le pourcentage de saturation est la lecture d&#039;oxyg\u00e8ne dissous en mg\/L divis\u00e9e par le 100% de la valeur d&#039;oxyg\u00e8ne dissous pour l&#039;eau (\u00e0 la m\u00eame temp\u00e9rature et pression de l&#039;air). Le rapport entre le pourcentage de saturation et la qualit\u00e9 de l&#039;eau est indiqu\u00e9 dans le tableau 2. Dans certains cas, l&#039;eau peut d\u00e9passer 1 001 TP3T de saturation et devenir sursatur\u00e9e pendant de courtes p\u00e9riodes.<\/p>\n\n\n\n<h2 class=\"wp-block-heading\">R\u00e9sum\u00e9 des m\u00e9thodes<\/h2>\n\n\n\n<p>L&#039;oxyg\u00e8ne dissous peut \u00eatre mesur\u00e9 directement sur place ou dans des \u00e9chantillons d&#039;eau transport\u00e9s depuis le site. Les mesures peuvent \u00eatre effectu\u00e9es sur site, soit en pla\u00e7ant le capteur d&#039;oxyg\u00e8ne dissous directement dans le cours d&#039;eau, loin du rivage, soit en collectant un \u00e9chantillon d&#039;eau avec un r\u00e9cipient ou une fiole, puis en effectuant des mesures avec le capteur d&#039;oxyg\u00e8ne dissous \u00e0 nouveau sur le rivage. Les \u00e9chantillons d&#039;eau collect\u00e9s sur place et transport\u00e9s au laboratoire dans des bouteilles ferm\u00e9es doivent \u00eatre conserv\u00e9s dans des r\u00e9cipients contenant de la glace ou au r\u00e9frig\u00e9rateur jusqu&#039;\u00e0 ce que les mesures soient prises. Le transport des \u00e9chantillons n&#039;est pas recommand\u00e9, car la pr\u00e9cision des r\u00e9sultats des tests est r\u00e9duite.\u00a8C9C<\/p>\n\n\n\n<ol id=\"l3\" class=\"wp-block-list\">\n<li>La sursaturation peut \u00eatre nocive pour les organismes aquatiques. Cela peut conduire \u00e0 la maladie appel\u00e9e maladie des bulles de gaz.<\/li>\n\n\n\n<li>L&#039;unit\u00e9 mg\/L est num\u00e9riquement \u00e9gale \u00e0 ce qu&#039;on appelle les parties par million ou ppm.<\/li>\n<\/ol>\n\n\n\n<p>Oxyg\u00e8ne dissous\u00a8C10C<\/p>\n\n\n\n<p>\u00a8C11C<\/p>\n\n\n\n<h2 class=\"wp-block-heading\">Comment fonctionne le capteur d&#039;oxyg\u00e8ne dissous<\/h2>\n\n\n\n<p>membrane\u00a8C12C<\/p>\n\n\n\n<p>membrane<\/p>\n\n\n\n<p>platine (cathode)<\/p>\n\n\n\n<p>\u00a8C13C<\/p>\n\n\n\n<p>Ag\/AgCl (anode)<\/p>\n\n\n\n<p>KCl (aq)<\/p>\n\n\n\n<p>Capuchon \u00e0 membrane<\/p>\n\n\n\n<figure class=\"wp-block-table\"><table class=\"has-fixed-layout\"><tbody><tr><td>\u00a8C14C<\/td><\/tr><\/tbody><\/table><\/figure>\n\n\n\n<p>Le capteur d&#039;oxyg\u00e8ne dissous est une \u00e9lectrode polarographique de type Clark qui mesure la concentration d&#039;oxyg\u00e8ne dissous dans l&#039;eau et les solutions aqueuses. Une cathode en platine et une anode de r\u00e9f\u00e9rence argent\/chlorure d&#039;argent dans un \u00e9lectrolyte KCl sont s\u00e9par\u00e9es de l&#039;\u00e9chantillon par une membrane en plastique perm\u00e9able aux gaz.<\/p>\n\n\n\n<p>\u00a8C15C<\/p>\n\n\n\n<p>capuchon \u00e0 membrane\u00a8C16C<\/p>\n\n\n\n<p>L\u2019\u00e9lectrode de platine est soumise \u00e0 une tension fixe. L&#039;oxyg\u00e8ne est r\u00e9duit lorsqu&#039;il diffuse \u00e0 travers la membrane vers la cathode\u00a0:<\/p>\n\n\n\n<p>\u00bd O2 + H2O + 2e- \uf0be\uf0be\uf0ae 2 OH-<\/p>\n\n\n\n<p>L&#039;oxydation qui a lieu au niveau de l&#039;\u00e9lectrode de r\u00e9f\u00e9rence (anode) est :<\/p>\n\n\n\n<p>Ag + Cl- \uf0be\uf0be\uf0ae AgCl + e-<\/p>\n\n\n\n<p>En cons\u00e9quence, un courant circule proportionnel au taux de diffusion de l\u2019oxyg\u00e8ne, et donc \u00e0 la concentration d\u2019oxyg\u00e8ne dissous dans l\u2019\u00e9chantillon. Ce courant est converti en une tension proportionnelle, qui est amplifi\u00e9e et lue par l&#039;une des interfaces Vernier.<\/p>\n\n\n\n<p>\u00a8C17C<\/p>\n\n\n\n<h2 class=\"wp-block-heading\">Stockage du capteur d&#039;oxyg\u00e8ne dissous<\/h2>\n\n\n\n<p>Suivez ces \u00e9tapes lors du stockage de l&#039;\u00e9lectrode\u00a0:<\/p>\n\n\n\n<ul id=\"l4\" class=\"wp-block-list\">\n<li>Stockage \u00e0 long terme (plus de 24 heures) : Retirez le capuchon de la membrane et lavez l&#039;int\u00e9rieur et l&#039;ext\u00e9rieur de la membrane avec de l&#039;eau distill\u00e9e. Secouez le capuchon \u00e0 membrane pour le s\u00e9cher. Lavez et s\u00e9chez \u00e9galement les \u00e9l\u00e9ments int\u00e9rieurs de l&#039;anode et de la cathode expos\u00e9es (s\u00e9chez-les avec du papier absorbant de laboratoire). R\u00e9installez soigneusement le capuchon de la membrane sur le corps de l&#039;\u00e9lectrode pour le stockage. Ne le vissez pas trop fort.<\/li>\n\n\n\n<li>Stockage \u00e0 court terme (moins de 24 heures)\u00a0: stockez le capteur d&#039;oxyg\u00e8ne dissous avec l&#039;extr\u00e9mit\u00e9 de la membrane immerg\u00e9e dans environ 1 pouce d&#039;eau distill\u00e9e.<\/li>\n<\/ul>\n\n\n\n<p><\/p>\n\n\n\n<h2 class=\"wp-block-heading\">Compensation automatique de la temp\u00e9rature<\/h2>\n\n\n\n<p>Le capteur d&#039;oxyg\u00e8ne dissous Vernier dispose d&#039;une compensation automatique de la temp\u00e9rature car il utilise une thermistance incluse dans le corps du capteur. La sortie de temp\u00e9rature de ce capteur est utilis\u00e9e pour compenser automatiquement les changements de perm\u00e9abilit\u00e9 de la membrane dus aux changements de temp\u00e9rature. Si le capteur n&#039;\u00e9tait pas compens\u00e9 en temp\u00e9rature, vous remarqueriez un changement dans la lecture de l&#039;oxyg\u00e8ne dissous \u00e0 mesure que la temp\u00e9rature changeait, m\u00eame si la concentration r\u00e9elle d&#039;oxyg\u00e8ne dissous dans la solution ne changeait pas.<\/p>\n\n\n\n<p>Voici deux exemples de fonctionnement de la compensation automatique de temp\u00e9rature\u00a0:<\/p>\n\n\n\n<ul id=\"l5\" class=\"wp-block-list\">\n<li>Si vous \u00e9talonnez le capteur d&#039;oxyg\u00e8ne dissous en laboratoire \u00e0 25 \u00b0C et \u00e0 une pression barom\u00e9trique de 760 mm Hg (en supposant une salinit\u00e9 n\u00e9gligeable), la valeur que vous devez saisir pour le point d&#039;\u00e9talonnage de l&#039;oxyg\u00e8ne satur\u00e9 doit \u00eatre de 8,36 mg\/L (voir Tableau 3). Si vous deviez prendre une lecture sur de l&#039;eau distill\u00e9e satur\u00e9e en oxyg\u00e8ne en remuant avec une agitation rapide et vigoureuse, vous obtiendriez une lecture de 8,36 mg\/L. Si l&#039;\u00e9chantillon d&#039;eau est ensuite refroidi \u00e0 10 \u00b0C sans agitation suppl\u00e9mentaire, le r\u00e9sultat est de 8,36 mg\/L. l&#039;eau, elle ne resterait pas satur\u00e9e (l&#039;eau froide peut supporter plus d&#039;oxyg\u00e8ne dissous que l&#039;eau chaude). Par cons\u00e9quent, la lecture du capteur d&#039;oxyg\u00e8ne dissous compens\u00e9 en temp\u00e9rature doit \u00eatre de 8,36 mg\/L.\u00a8C18C<\/li>\n\n\n\n<li>Cependant, si la solution est refroidie \u00e0 10\u00b0 C <em>et <\/em>est constamment agit\u00e9 afin qu&#039;il reste satur\u00e9 par la solution d&#039;oxyg\u00e8ne suppl\u00e9mentaire, la compensation de temp\u00e9rature du capteur devrait produire une lecture de 11,35 mg\/L, qui est la valeur indiqu\u00e9e dans le tableau 3. <strong>Note: <\/strong>Compensation de temp\u00e9rature <em>ne veut pas dire <\/em>que la lecture d&#039;une solution satur\u00e9e sera la m\u00eame \u00e0 deux temp\u00e9ratures diff\u00e9rentes, puisque les deux solutions ont des valeurs diff\u00e9rentes<\/li>\n<\/ul>\n\n\n\n<p>concentrations d&#039;oxyg\u00e8ne <em>Oxyg\u00e8ne dissous satur\u00e9 vs. Temp\u00e9rature<\/em><\/p>\n\n\n\n<p>dissous et les lectures du capteur devraient refl\u00e9ter cette diff\u00e9rence.<\/p>\n\n\n\n<p>\u00a8C19C<\/p>\n\n\n\n<h2 class=\"wp-block-heading\">Pr\u00e9l\u00e8vement d&#039;\u00e9chantillons dans l&#039;eau sal\u00e9e oc\u00e9anique ou dans les estuaires<\/h2>\n\n\n\n<h4 class=\"wp-block-heading\">(\u00e0 des niveaux de salinit\u00e9 sup\u00e9rieurs \u00e0 1000 mg\/L)<\/h4>\n\n\n\n<p>La concentration en oxyg\u00e8ne dissous pour l&#039;eau satur\u00e9e d&#039;air \u00e0 diff\u00e9rents niveaux de salinit\u00e9, DO(sel), peut \u00eatre calcul\u00e9e \u00e0 l&#039;aide de la formule\u00a0:<\/p>\n\n\n\n<p>FAIRE(sal) = FAIRE \u2013 (k\u2022S)<\/p>\n\n\n\n<ul id=\"l6\" class=\"wp-block-list\">\n<li>DO(sel) est la concentration d\u2019oxyg\u00e8ne dissous (en mg\/L) dans les solutions d\u2019eau sal\u00e9e.<\/li>\n\n\n\n<li>DO est la concentration en oxyg\u00e8ne dissous pour l\u2019eau distill\u00e9e satur\u00e9e d\u2019air, d\u00e9termin\u00e9e \u00e0 partir du tableau 3.<\/li>\n\n\n\n<li>S est la valeur de salinit\u00e9 (en ppt). Les valeurs de salinit\u00e9 peuvent \u00eatre d\u00e9termin\u00e9es \u00e0 l&#039;aide de l&#039;\u00e9lectrode s\u00e9lective d&#039;ions chlorure Vernier ou du capteur de conductivit\u00e9 comme d\u00e9crit dans l&#039;activit\u00e9 40. Oxyg\u00e8ne dissous\u00a8C20C\n<ul class=\"wp-block-list\">\n<li>k est une constante. La valeur de k varie en fonction de la temp\u00e9rature et peut \u00eatre d\u00e9termin\u00e9e \u00e0 partir du tableau 5.<\/li>\n<\/ul>\n<\/li>\n<\/ul>\n\n\n\n<p><\/p>\n\n\n\n<figure class=\"wp-block-table\"><table class=\"has-fixed-layout\"><tbody><tr><td colspan=\"8\">Tableau 5 : Valeurs de la constante de correction de salinit\u00e9<\/td><\/tr><tr><td>Temp. (\u00b0C)<\/td><td>Constante, k<\/td><td>Temp. (\u00b0C)<\/td><td>Constante, k<\/td><td>Temp. (\u00b0C)<\/td><td>Constante, k<\/td><td>Temp. (\u00b0C)<\/td><td>Constante, k<\/td><\/tr><tr><td>1<\/td><td>0.08796<\/td><td>8<\/td><td>0.06916<\/td><td>15<\/td><td>0.05602<\/td><td>22<\/td><td>0.04754<\/td><\/tr><tr><td>2<\/td><td>0.08485<\/td><td>9<\/td><td>0.06697<\/td><td>16<\/td><td>0.05456<\/td><td>23<\/td><td>0.04662<\/td><\/tr><tr><td>3<\/td><td>0.08184<\/td><td>10<\/td><td>0.06478<\/td><td>17<\/td><td>0.05328<\/td><td>24<\/td><td>0.04580<\/td><\/tr><tr><td>4<\/td><td>0.07911<\/td><td>11<\/td><td>0.06286<\/td><td>18<\/td><td>0.05201<\/td><td>25<\/td><td>0.04498<\/td><\/tr><tr><td>5<\/td><td>0.07646<\/td><td>12<\/td><td>0.06104<\/td><td>19<\/td><td>0.05073<\/td><td>26<\/td><td>0.04425<\/td><\/tr><tr><td>6<\/td><td>0.07391<\/td><td>13<\/td><td>0.05931<\/td><td>20<\/td><td>0.04964<\/td><td>27<\/td><td>0.04361<\/td><\/tr><tr><td>7<\/td><td>0.07135<\/td><td>14<\/td><td>0.05757<\/td><td>21<\/td><td>0.04854<\/td><td>28<\/td><td>0.04296<\/td><\/tr><\/tbody><\/table><\/figure>\n\n\n\n<p><\/p>\n\n\n\n<h3 class=\"wp-block-heading\">Exemple : D\u00e9terminez la valeur d&#039;\u00e9talonnage de l&#039;oxyg\u00e8ne satur\u00e9 DO \u00e0 une temp\u00e9rature de 23 \u00b0C et \u00e0 une pression de 750 mm Hg, lorsque le capteur d&#039;oxyg\u00e8ne dissous est utilis\u00e9 dans de l&#039;eau de mer avec une valeur de salinit\u00e9 de 35,0 ppt.<\/h3>\n\n\n\n<p>Vous devez d\u2019abord trouver la valeur d\u2019oxyg\u00e8ne dissous dans le tableau 3 (OD = 8,55 mg\/L). Il faut alors trouver la valeur de <em>k <\/em>dans le tableau 5 \u00e0 23\u00b0C (k = 0,04662). Ensuite, vous devez substituer ces valeurs, ainsi que la valeur de salinit\u00e9, dans l&#039;\u00e9quation pr\u00e9c\u00e9dente\u00a0:<\/p>\n\n\n\n<p>OD(sal) = OD \u2013 (k\u2022S) = 8,55 \u2013 (0,04662 \u2022 35,0) = 8,55 \u2013 1,63 = 6,92 mg\/L<\/p>\n\n\n\n<p>Utilisez la valeur de 8,46 mg\/L lors de l&#039;\u00e9talonnage du point de saturation de l&#039;OD (eau satur\u00e9e d&#039;air), comme d\u00e9crit \u00e0 l&#039;\u00e9tape 6. Le capteur d&#039;oxyg\u00e8ne dissous sera maintenant calibr\u00e9 pour donner les lectures correctes de l&#039;OD dans les \u00e9chantillons d&#039;eau sal\u00e9e avec une salinit\u00e9 de. 35,0 points.<\/p>\n\n\n\n<p><strong>Important<\/strong>: Pour la plupart des tests d&#039;oxyg\u00e8ne dissous, <em>Non <\/em>il faut compenser la salinit\u00e9 ; Par exemple, si la valeur de salinit\u00e9 est de 0,5 ppt, \u00e0 25 \u00b0C et 760 mm Hg, le calcul des OD doit \u00eatre\u00a0:<\/p>\n\n\n\n<p>OD(sal) = OD \u2013 (k\u2022S) = 8,36 \u2013 (0,04498 \u2022 0,5) = 8,36 \u2013 0,023 = 8,34 mg\/L<\/p>\n\n\n\n<p>\u00c0 des niveaux de salinit\u00e9 inf\u00e9rieurs \u00e0 1,0 ppt, n\u00e9gliger cette correction signifie une erreur inf\u00e9rieure \u00e0 0,2%.<\/p>","protected":false},"excerpt":{"rendered":"<p>Ox\u00edgeno Disuelto Tabla1: Requerimiento m\u00ednimo de DO Organismo Ox\u00edgeno disuelto m\u00ednimo (mg\/L) Trucha 6.5 LXbina de boca peque\u00f1a 6.5 Larvas de tric\u00f3pteros 4.0 Larvas de efemer\u00f3ptero o mosca de mayo 4.0 Siluro 2.5 Carpa 2.0 Larvas de Mosquito 1.0 El ox\u00edgeno gaseoso disuelto en el agua es vital para la existencia de la mayor\u00eda de [&hellip;]<\/p>\n","protected":false},"author":1,"featured_media":0,"parent":0,"menu_order":0,"comment_status":"closed","ping_status":"closed","template":"","meta":{"site-sidebar-layout":"default","site-content-layout":"","ast-site-content-layout":"default","site-content-style":"default","site-sidebar-style":"default","ast-global-header-display":"","ast-banner-title-visibility":"","ast-main-header-display":"","ast-hfb-above-header-display":"","ast-hfb-below-header-display":"","ast-hfb-mobile-header-display":"","site-post-title":"","ast-breadcrumbs-content":"","ast-featured-img":"","footer-sml-layout":"","ast-disable-related-posts":"","theme-transparent-header-meta":"","adv-header-id-meta":"","stick-header-meta":"","header-above-stick-meta":"","header-main-stick-meta":"","header-below-stick-meta":"","astra-migrate-meta-layouts":"set","ast-page-background-enabled":"default","ast-page-background-meta":{"desktop":{"background-color":"var(--ast-global-color-4)","background-image":"","background-repeat":"repeat","background-position":"center center","background-size":"auto","background-attachment":"scroll","background-type":"","background-media":"","overlay-type":"","overlay-color":"","overlay-opacity":"","overlay-gradient":""},"tablet":{"background-color":"","background-image":"","background-repeat":"repeat","background-position":"center center","background-size":"auto","background-attachment":"scroll","background-type":"","background-media":"","overlay-type":"","overlay-color":"","overlay-opacity":"","overlay-gradient":""},"mobile":{"background-color":"","background-image":"","background-repeat":"repeat","background-position":"center center","background-size":"auto","background-attachment":"scroll","background-type":"","background-media":"","overlay-type":"","overlay-color":"","overlay-opacity":"","overlay-gradient":""}},"ast-content-background-meta":{"desktop":{"background-color":"var(--ast-global-color-5)","background-image":"","background-repeat":"repeat","background-position":"center center","background-size":"auto","background-attachment":"scroll","background-type":"","background-media":"","overlay-type":"","overlay-color":"","overlay-opacity":"","overlay-gradient":""},"tablet":{"background-color":"var(--ast-global-color-5)","background-image":"","background-repeat":"repeat","background-position":"center center","background-size":"auto","background-attachment":"scroll","background-type":"","background-media":"","overlay-type":"","overlay-color":"","overlay-opacity":"","overlay-gradient":""},"mobile":{"background-color":"var(--ast-global-color-5)","background-image":"","background-repeat":"repeat","background-position":"center center","background-size":"auto","background-attachment":"scroll","background-type":"","background-media":"","overlay-type":"","overlay-color":"","overlay-opacity":"","overlay-gradient":""}},"footnotes":""},"class_list":["post-1096","page","type-page","status-publish","hentry"],"_links":{"self":[{"href":"https:\/\/guemisa.es\/fr\/wp-json\/wp\/v2\/pages\/1096","targetHints":{"allow":["GET"]}}],"collection":[{"href":"https:\/\/guemisa.es\/fr\/wp-json\/wp\/v2\/pages"}],"about":[{"href":"https:\/\/guemisa.es\/fr\/wp-json\/wp\/v2\/types\/page"}],"author":[{"embeddable":true,"href":"https:\/\/guemisa.es\/fr\/wp-json\/wp\/v2\/users\/1"}],"replies":[{"embeddable":true,"href":"https:\/\/guemisa.es\/fr\/wp-json\/wp\/v2\/comments?post=1096"}],"version-history":[{"count":1,"href":"https:\/\/guemisa.es\/fr\/wp-json\/wp\/v2\/pages\/1096\/revisions"}],"predecessor-version":[{"id":1097,"href":"https:\/\/guemisa.es\/fr\/wp-json\/wp\/v2\/pages\/1096\/revisions\/1097"}],"wp:attachment":[{"href":"https:\/\/guemisa.es\/fr\/wp-json\/wp\/v2\/media?parent=1096"}],"curies":[{"name":"wp","href":"https:\/\/api.w.org\/{rel}","templated":true}]}}