{"id":1096,"date":"2024-09-17T14:57:58","date_gmt":"2024-09-17T13:57:58","guid":{"rendered":"https:\/\/guemisa.es\/?page_id=1096"},"modified":"2025-01-26T08:13:41","modified_gmt":"2025-01-26T07:13:41","slug":"what-is-dissolved-oxygen","status":"publish","type":"page","link":"https:\/\/guemisa.es\/en\/que-es-el-oxigeno-disuelto\/","title":{"rendered":"What is dissolved oxygen?"},"content":{"rendered":"<h1 class=\"wp-block-heading\">Dissolved Oxygen<\/h1>\n\n\n\n<h2 class=\"wp-block-heading\"><\/h2>\n\n\n\n<figure class=\"wp-block-table\"><table class=\"has-fixed-layout\"><tbody><tr><td colspan=\"2\">Table 1: Minimum DO requirement<\/td><\/tr><tr><td><br>Body<\/td><td>Minimum dissolved oxygen (mg\/L)<\/td><\/tr><tr><td>Trout<\/td><td>6.5<\/td><\/tr><tr><td>Smallmouth bass<\/td><td>6.5<\/td><\/tr><tr><td>Caddisfly larvae<\/td><td>4.0<\/td><\/tr><tr><td>Mayfly larvae<\/td><td>4.0<\/td><\/tr><tr><td>Bullhead<\/td><td>2.5<\/td><\/tr><tr><td>Large tent<\/td><td>2.0<\/td><\/tr><tr><td>Mosquito Larvae<\/td><td>1.0<\/td><\/tr><\/tbody><\/table><\/figure>\n\n\n\n<p>Gaseous oxygen dissolved in water is vital for the existence of most aquatic organisms. Oxygen is a key component<\/p>\n\n\n\n<p>in cellular respiration for both aquatic and terrestrial life. The concentration of dissolved oxygen (<em>DO<\/em>) in an aquatic environment is an important indicator of ambient water quality.<\/p>\n\n\n\n<p>Some organisms, such as salmon, mayflies, and trout, require high dissolved oxygen concentrations. Other organisms, such as catfish, mosquito larvae, and carp, can survive in environments with low dissolved oxygen concentrations. The diversity of organisms is much greater at high DO concentrations. Table 1 lists the minimum dissolved oxygen concentrations required to support various animals.<\/p>\n\n\n\n<ul id=\"l1\" class=\"wp-block-list\">\n<li>Atmosphere diffusion<\/li>\n\n\n\n<li>Oxygenation by the movement of water over rocks or debris<\/li>\n\n\n\n<li>Oxygenation by wind or waves<\/li>\n\n\n\n<li>Photosynthesis of aquatic plants<\/li>\n<\/ul>\n\n\n\n<p>DO sources<\/p>\n\n\n\n<p>Oxygen gas is dissolved in water by a variety of processes, including diffusion between the atmosphere and water, oxygenation by the flow of water over rocks and other debris, the agitation of water by waves and wind, and photosynthesis by aquatic plants. Many factors affect the concentration of dissolved oxygen in an aquatic environment. These factors include temperature, stream flow, air pressure, aquatic plants, decaying organic matter, and human activity.<\/p>\n\n\n\n<ul id=\"l2\" class=\"wp-block-list\">\n<li>Temperature<\/li>\n\n\n\n<li>Aquatic plant populations<\/li>\n\n\n\n<li>Decomposing organic material in water<\/li>\n\n\n\n<li>Flow of currents<\/li>\n\n\n\n<li>Atmospheric pressure and altitude<\/li>\n\n\n\n<li>Human Activity<\/li>\n<\/ul>\n\n\n\n<p>Factors affecting DO levels<\/p>\n\n\n\n<p>As a result of plant activity, DO levels can fluctuate during the day, rising throughout the morning and reaching a maximum in the afternoon. At night, photosynthesis ceases, but plants and animals continue to respire, causing DO levels to decrease. Since daily fluctuations are possible, DO tests should be performed at the same time each day. Large fluctuations in dissolved oxygen levels over short periods of time can result in algae blooms. Since the algae population is growing rapidly, dissolved oxygen levels increase. Soon, algae begin to grow.<\/p>\n\n\n\n<p>die and are decomposed by aerobic bacteria, which use oxygen. As more algae die, the oxygen requirement for aerobic decomposition increases, which<\/p>\n\n\n\n<p>This results in a sharp drop in oxygen levels. Following an algal bloom, oxygen levels can be so low that fish and other aquatic organisms suffocate and die.<\/p>\n\n\n\n<figure class=\"wp-block-table\"><table class=\"has-fixed-layout\"><tbody><tr><td colspan=\"2\">Table 2<\/td><\/tr><tr><td>DO level<\/td><td>DO Saturation Percentage<\/td><\/tr><tr><td>Supersaturation1<\/td><td>\uf0b3 101%<\/td><\/tr><tr><td>Excellent<\/td><td>90 \u2013 100%<\/td><\/tr><tr><td>Appropriate<\/td><td>80 \u2013 89%<\/td><\/tr><tr><td>Acceptable<\/td><td>60 \u2013 79%<\/td><\/tr><tr><td>Poor<\/td><td>\uf03c 60%<\/td><\/tr><\/tbody><\/table><\/figure>\n\n\n\n<p>Temperature is an important factor in oxygen&#039;s ability to dissolve, as oxygen, like all gases, has different solubilities at different temperatures. Colder waters have a higher oxygen capacity.<\/p>\n\n\n\n<p>dissolved oxygen than warmer waters. Human activity, such as the removal of foliage along a stream or the release of warm water used in industrial processes, can cause water temperatures to rise across a given narrowing of the stream. This results in a reduced ability of the stream to dissolve oxygen.<\/p>\n\n\n\n<h2 class=\"wp-block-heading\">Expected Levels<\/h2>\n\n\n\n<p>The unit mg\/L2 is the amount of gaseous oxygen<\/p>\n\n\n\n<p>dissolved in one liter of water. When relating DO measurements to minimum levels required by aquatic organisms, the unit mg\/L is used. The procedure described in this document covers the use of a Dissolved Oxygen Sensor to measure DO concentration in mg\/L. Dissolved oxygen concentration can range from 0 to 15 mg\/L. Cold mountain streams will likely have DO concentrations of 7 to 15 mg\/L, depending on water temperature and air pressure. At their lowest reaches, rivers and streams may exhibit DO concentrations between 2 and 11 mg\/L.<\/p>\n\n\n\n<p>When analyzing the water quality of a stream or river, it is convenient to use a unit other than mg\/L. The term percent saturation is often used for water quality comparisons. The percent saturation is the dissolved oxygen reading in mg\/L divided by the 100% dissolved oxygen value for the water (at the same temperature and air pressure). How percent saturation relates to water quality is shown in Table 2. In some cases, water may exceed 100% saturation and become supersaturated for short periods of time.<\/p>\n\n\n\n<h2 class=\"wp-block-heading\">Summary of Methods<\/h2>\n\n\n\n<p>Dissolved oxygen can be measured directly on site or in water samples transported from the site. Measurements can be made on site either by placing the Dissolved Oxygen Sensor directly in the stream away from shore or by collecting a water sample with a container or jar and then making measurements with the Dissolved Oxygen Sensor back at shore. Water samples collected on site and transported back to the laboratory in sealed bottles should be stored in ice containers or in a refrigerator until measurements are taken. Transporting samples is not recommended because it reduces the accuracy of the test results.\u00a8C9C<\/p>\n\n\n\n<ol id=\"l3\" class=\"wp-block-list\">\n<li>Supersaturation can be harmful to aquatic organisms. It can lead to a disease called Gas Bubble Disease.<\/li>\n\n\n\n<li>The mg\/L unit is numerically equal to the so-called parts per million or ppm.<\/li>\n<\/ol>\n\n\n\n<p>Dissolved Oxygen\u00a8C10C<\/p>\n\n\n\n<p>\u00a8C11C<\/p>\n\n\n\n<h2 class=\"wp-block-heading\">How the Dissolved Oxygen Sensor Works<\/h2>\n\n\n\n<p>membrane\u00a8C12C<\/p>\n\n\n\n<p>membrane<\/p>\n\n\n\n<p>platinum (cathode)<\/p>\n\n\n\n<p>\u00a8C13C<\/p>\n\n\n\n<p>Ag\/AgCl (anode)<\/p>\n\n\n\n<p>KCl (aq)<\/p>\n\n\n\n<p>Membrane cap<\/p>\n\n\n\n<figure class=\"wp-block-table\"><table class=\"has-fixed-layout\"><tbody><tr><td>\u00a8C14C<\/td><\/tr><\/tbody><\/table><\/figure>\n\n\n\n<p>The Dissolved Oxygen Sensor is a Clark-type polarographic electrode that measures the concentration of dissolved oxygen in water and aqueous solutions. A platinum cathode and a silver\/silver chloride reference anode in a KCl electrolyte are separated from the sample by a gas-permeable plastic membrane.<\/p>\n\n\n\n<p>\u00a8C15C<\/p>\n\n\n\n<p>membrane cap\u00a8C16C<\/p>\n\n\n\n<p>The platinum electrode has a fixed voltage applied. Oxygen is reduced as it diffuses through the membrane to the cathode:<\/p>\n\n\n\n<p>\u00bd O2 + H2O + 2e- \uf0be\uf0be\uf0ae 2 OH-<\/p>\n\n\n\n<p>The oxidation that takes place at the reference electrode (anode) is:<\/p>\n\n\n\n<p>Ag + Cl- \uf0be\uf0be\uf0ae AgCl + e-<\/p>\n\n\n\n<p>Accordingly, a current flows that is proportional to the rate of oxygen diffusion, and therefore to the concentration of dissolved oxygen in the sample. This current is converted to a proportional voltage, which is amplified and read by one of the Vernier interfaces.<\/p>\n\n\n\n<p>\u00a8C17C<\/p>\n\n\n\n<h2 class=\"wp-block-heading\">Dissolved Oxygen Sensor Storage<\/h2>\n\n\n\n<p>Follow these steps when storing the electrode:<\/p>\n\n\n\n<ul id=\"l4\" class=\"wp-block-list\">\n<li>Long-term storage (more than 24 hours): Remove the membrane cap and wash the inside and outside of the membrane with distilled water. Shake the membrane cap dry. Also wash and dry the exposed anode and cathode interior elements (dry with laboratory paper towels). Carefully reinstall the membrane cap onto the electrode body for storage. Do not screw it on too tightly.<\/li>\n\n\n\n<li>Short-term storage (less than 24 hours): Store the Dissolved Oxygen Sensor with the membrane end submerged in approximately 1 inch of distilled water.<\/li>\n<\/ul>\n\n\n\n<p><\/p>\n\n\n\n<h2 class=\"wp-block-heading\">Automatic Temperature Compensation<\/h2>\n\n\n\n<p>The Vernier Dissolved Oxygen Sensor has automatic temperature compensation because it uses a thermistor built into the sensor body. The temperature output from this sensor is used to automatically compensate for changes in membrane permeability due to changes in temperature. If the sensor did not have temperature compensation, you would notice a change in the dissolved oxygen reading as the temperature changed, even though the actual concentration of dissolved oxygen in the solution did not change.<\/p>\n\n\n\n<p>Here are two examples of how automatic temperature compensation works:<\/p>\n\n\n\n<ul id=\"l5\" class=\"wp-block-list\">\n<li>If you calibrate the Dissolved Oxygen Sensor in the laboratory at 25\u00b0 C and 760 mm Hg barometric pressure (assuming negligible salinity), the value you enter for the saturated oxygen calibration point should be 8.36 mg\/L (see Table 3). If you were to take a reading on distilled water that is saturated with oxygen by vigorous, rapid stirring, you would get a reading of 8.36 mg\/L. If the water sample were then cooled to 10\u00b0 C without further agitation, the water would no longer be saturated (cold water can hold more dissolved oxygen than warm water). Therefore, the temperature-compensated Dissolved Oxygen Sensor reading should be 8.36 mg\/L.\u00a8C18C<\/li>\n\n\n\n<li>If the solution is cooled, however, to 10\u00b0 C <em>and <\/em>is constantly stirred so that it remains saturated by the additional oxygen solution, the temperature compensation of the sensor should produce a reading of 11.35 mg\/L which is the value shown in Table 3. <strong>Note: <\/strong>Temperature compensation <em>It does not mean <\/em>that the reading of a saturated solution will be the same at two different temperatures, since the two solutions have different<\/li>\n<\/ul>\n\n\n\n<p>oxygen concentrations <em>Saturated dissolved oxygen vs. temperature<\/em><\/p>\n\n\n\n<p>dissolved and the sensor readings should reflect this difference.<\/p>\n\n\n\n<p>\u00a8C19C<\/p>\n\n\n\n<h2 class=\"wp-block-heading\">Sampling in Oceanic Saltwater or Estuaries<\/h2>\n\n\n\n<h4 class=\"wp-block-heading\">(at salinity levels greater than 1000 mg\/L)<\/h4>\n\n\n\n<p>The dissolved oxygen concentration for air-saturated water at various salinity levels, DO(salt), can be calculated using the formula:<\/p>\n\n\n\n<p>DO(salt) = DO \u2013 (k\u2022S)<\/p>\n\n\n\n<ul id=\"l6\" class=\"wp-block-list\">\n<li>DO(salt) is the concentration of dissolved oxygen (in mg\/L) in saltwater solutions.<\/li>\n\n\n\n<li>DO is the dissolved oxygen concentration for air-saturated distilled water as determined from Table 3.<\/li>\n\n\n\n<li>S is the salinity value (in ppt). Salinity values can be determined using the Vernier Chloride Ion Selective Electrode or the Conductivity Sensor as described in Activity 40. Dissolved Oxygen\u00a8C20C\n<ul class=\"wp-block-list\">\n<li>k is a constant. The value of k varies according to temperature and can be determined from Table 5.<\/li>\n<\/ul>\n<\/li>\n<\/ul>\n\n\n\n<p><\/p>\n\n\n\n<figure class=\"wp-block-table\"><table class=\"has-fixed-layout\"><tbody><tr><td colspan=\"8\">Table 5: Salinity correction constant values<\/td><\/tr><tr><td>Temp. (\u00b0C)<\/td><td>Constant, k<\/td><td>Temp. (\u00b0C)<\/td><td>Constant, k<\/td><td>Temp. (\u00b0C)<\/td><td>Constant, k<\/td><td>Temp. (\u00b0C)<\/td><td>Constant, k<\/td><\/tr><tr><td>1<\/td><td>0.08796<\/td><td>8<\/td><td>0.06916<\/td><td>15<\/td><td>0.05602<\/td><td>22<\/td><td>0.04754<\/td><\/tr><tr><td>2<\/td><td>0.08485<\/td><td>9<\/td><td>0.06697<\/td><td>16<\/td><td>0.05456<\/td><td>23<\/td><td>0.04662<\/td><\/tr><tr><td>3<\/td><td>0.08184<\/td><td>10<\/td><td>0.06478<\/td><td>17<\/td><td>0.05328<\/td><td>24<\/td><td>0.04580<\/td><\/tr><tr><td>4<\/td><td>0.07911<\/td><td>11<\/td><td>0.06286<\/td><td>18<\/td><td>0.05201<\/td><td>25<\/td><td>0.04498<\/td><\/tr><tr><td>5<\/td><td>0.07646<\/td><td>12<\/td><td>0.06104<\/td><td>19<\/td><td>0.05073<\/td><td>26<\/td><td>0.04425<\/td><\/tr><tr><td>6<\/td><td>0.07391<\/td><td>13<\/td><td>0.05931<\/td><td>20<\/td><td>0.04964<\/td><td>27<\/td><td>0.04361<\/td><\/tr><tr><td>7<\/td><td>0.07135<\/td><td>14<\/td><td>0.05757<\/td><td>21<\/td><td>0.04854<\/td><td>28<\/td><td>0.04296<\/td><\/tr><\/tbody><\/table><\/figure>\n\n\n\n<p><\/p>\n\n\n\n<h3 class=\"wp-block-heading\">Example: Determine the calibration value of saturated oxygen DO at the temperature of 23\u00b0C and the pressure of 750 mm Hg, when the Dissolved Oxygen Sensor is used in seawater with a salinity value of 35.0 ppt.<\/h3>\n\n\n\n<p>First you have to find the dissolved oxygen value in Table 3 (DO = 8.55 mg\/L). Then you have to find the value of <em>k <\/em>in Table 5 at 23\u00b0 C (k = 0.04662). These values, as well as the salinity value, must then be substituted into the previous equation:<\/p>\n\n\n\n<p>DO(sal) = DO \u2013 (k\u2022S) = 8.55 \u2013 (0.04662 \u2022 35.0) = 8.55 \u2013 1.63 = 6.92 mg\/L<\/p>\n\n\n\n<p>Use the value 8.46 mg\/L when performing the DO saturation calibration point (air saturated water), as described in Step 6. The Dissolved Oxygen Sensor will now be calibrated to give the correct value for DO readings in saltwater samples with a salinity of 35.0 ppt.<\/p>\n\n\n\n<p><strong>Important<\/strong>: For most dissolved oxygen assays, <em>No <\/em>It is necessary to compensate for salinity; for example, if the salinity value is 0.5 ppt, using 25\u00b0 C and 760 mm Hg, the calculation for DO(s) should be:<\/p>\n\n\n\n<p>DO(sal) = DO \u2013 (k\u2022S) = 8.36 \u2013 (0.04498 \u2022 0.5) = 8.36 \u2013 0.023 = 8.34 mg\/L<\/p>\n\n\n\n<p>At salinity levels less than 1.0 ppt, neglecting this correction means an error of less than 0.2%.<\/p>","protected":false},"excerpt":{"rendered":"<p>Ox\u00edgeno Disuelto Tabla1: Requerimiento m\u00ednimo de DO Organismo Ox\u00edgeno disuelto m\u00ednimo (mg\/L) Trucha 6.5 LXbina de boca peque\u00f1a 6.5 Larvas de tric\u00f3pteros 4.0 Larvas de efemer\u00f3ptero o mosca de mayo 4.0 Siluro 2.5 Carpa 2.0 Larvas de Mosquito 1.0 El ox\u00edgeno gaseoso disuelto en el agua es vital para la existencia de la mayor\u00eda de [&hellip;]<\/p>\n","protected":false},"author":1,"featured_media":0,"parent":0,"menu_order":0,"comment_status":"closed","ping_status":"closed","template":"","meta":{"site-sidebar-layout":"default","site-content-layout":"","ast-site-content-layout":"default","site-content-style":"default","site-sidebar-style":"default","ast-global-header-display":"","ast-banner-title-visibility":"","ast-main-header-display":"","ast-hfb-above-header-display":"","ast-hfb-below-header-display":"","ast-hfb-mobile-header-display":"","site-post-title":"","ast-breadcrumbs-content":"","ast-featured-img":"","footer-sml-layout":"","ast-disable-related-posts":"","theme-transparent-header-meta":"","adv-header-id-meta":"","stick-header-meta":"","header-above-stick-meta":"","header-main-stick-meta":"","header-below-stick-meta":"","astra-migrate-meta-layouts":"set","ast-page-background-enabled":"default","ast-page-background-meta":{"desktop":{"background-color":"var(--ast-global-color-4)","background-image":"","background-repeat":"repeat","background-position":"center center","background-size":"auto","background-attachment":"scroll","background-type":"","background-media":"","overlay-type":"","overlay-color":"","overlay-opacity":"","overlay-gradient":""},"tablet":{"background-color":"","background-image":"","background-repeat":"repeat","background-position":"center center","background-size":"auto","background-attachment":"scroll","background-type":"","background-media":"","overlay-type":"","overlay-color":"","overlay-opacity":"","overlay-gradient":""},"mobile":{"background-color":"","background-image":"","background-repeat":"repeat","background-position":"center center","background-size":"auto","background-attachment":"scroll","background-type":"","background-media":"","overlay-type":"","overlay-color":"","overlay-opacity":"","overlay-gradient":""}},"ast-content-background-meta":{"desktop":{"background-color":"var(--ast-global-color-5)","background-image":"","background-repeat":"repeat","background-position":"center center","background-size":"auto","background-attachment":"scroll","background-type":"","background-media":"","overlay-type":"","overlay-color":"","overlay-opacity":"","overlay-gradient":""},"tablet":{"background-color":"var(--ast-global-color-5)","background-image":"","background-repeat":"repeat","background-position":"center center","background-size":"auto","background-attachment":"scroll","background-type":"","background-media":"","overlay-type":"","overlay-color":"","overlay-opacity":"","overlay-gradient":""},"mobile":{"background-color":"var(--ast-global-color-5)","background-image":"","background-repeat":"repeat","background-position":"center center","background-size":"auto","background-attachment":"scroll","background-type":"","background-media":"","overlay-type":"","overlay-color":"","overlay-opacity":"","overlay-gradient":""}},"footnotes":""},"class_list":["post-1096","page","type-page","status-publish","hentry"],"_links":{"self":[{"href":"https:\/\/guemisa.es\/en\/wp-json\/wp\/v2\/pages\/1096","targetHints":{"allow":["GET"]}}],"collection":[{"href":"https:\/\/guemisa.es\/en\/wp-json\/wp\/v2\/pages"}],"about":[{"href":"https:\/\/guemisa.es\/en\/wp-json\/wp\/v2\/types\/page"}],"author":[{"embeddable":true,"href":"https:\/\/guemisa.es\/en\/wp-json\/wp\/v2\/users\/1"}],"replies":[{"embeddable":true,"href":"https:\/\/guemisa.es\/en\/wp-json\/wp\/v2\/comments?post=1096"}],"version-history":[{"count":1,"href":"https:\/\/guemisa.es\/en\/wp-json\/wp\/v2\/pages\/1096\/revisions"}],"predecessor-version":[{"id":1097,"href":"https:\/\/guemisa.es\/en\/wp-json\/wp\/v2\/pages\/1096\/revisions\/1097"}],"wp:attachment":[{"href":"https:\/\/guemisa.es\/en\/wp-json\/wp\/v2\/media?parent=1096"}],"curies":[{"name":"wp","href":"https:\/\/api.w.org\/{rel}","templated":true}]}}