{"id":1096,"date":"2024-09-17T14:57:58","date_gmt":"2024-09-17T13:57:58","guid":{"rendered":"https:\/\/guemisa.es\/?page_id=1096"},"modified":"2025-01-26T08:13:41","modified_gmt":"2025-01-26T07:13:41","slug":"que-es-loxigen-dissolt","status":"publish","type":"page","link":"https:\/\/guemisa.es\/ca\/que-es-el-oxigeno-disuelto\/","title":{"rendered":"Qu\u00e8 \u00e9s l&#039;oxigen dissolt?"},"content":{"rendered":"<h1 class=\"wp-block-heading\">Oxigen Dissolt<\/h1>\n\n\n\n<h2 class=\"wp-block-heading\"><\/h2>\n\n\n\n<figure class=\"wp-block-table\"><table class=\"has-fixed-layout\"><tbody><tr><td colspan=\"2\">Taula1: Requeriment m\u00ednim de DO<\/td><\/tr><tr><td><br>Organisme<\/td><td>Oxigen dissolt m\u00ednim (mg\/L)<\/td><\/tr><tr><td>Truita<\/td><td>6.5<\/td><\/tr><tr><td>LXbina de boca petita<\/td><td>6.5<\/td><\/tr><tr><td>Larves de tric\u00f2pters<\/td><td>4.0<\/td><\/tr><tr><td>Larves d&#039;efemer\u00f2pter o mosca de maig<\/td><td>4.0<\/td><\/tr><tr><td>Silur<\/td><td>2.5<\/td><\/tr><tr><td>Carpa<\/td><td>2.0<\/td><\/tr><tr><td>Larves de Mosquit<\/td><td>1.0<\/td><\/tr><\/tbody><\/table><\/figure>\n\n\n\n<p>L&#039;oxigen gas\u00f3s dissolt a l&#039;aigua \u00e9s vital per a l&#039;exist\u00e8ncia de la majoria dels organismes aqu\u00e0tics. L&#039;oxigen \u00e9s un component clau<\/p>\n\n\n\n<p>en la respiraci\u00f3 cel\u00b7lular tant per a la vida aqu\u00e0tica com per a la vida terrestre. La concentraci\u00f3 d&#039;oxigen dissolt (<em>DO<\/em>) en un ambient aqu\u00e0tic \u00e9s un indicador important de la qualitat de l&#039;aigua ambiental.<\/p>\n\n\n\n<p>Alguns organismes, com ara el salm\u00f3, les ef\u00edmeres i les truites, requereixen altes concentracions d&#039;oxigen dissolt. Altres organismes com el silur, les larves de mosquit i la carpa poden sobreviure en ambients amb baixes concentracions d&#039;oxigen dissolt. La diversitat dels organismes \u00e9s molt m\u00e9s gran a altes concentracions de DO. La Taula 1 indica les concentracions m\u00ednimes d&#039;oxigen dissolt necess\u00e0ries per sostenir diferents animals.<\/p>\n\n\n\n<ul id=\"l1\" class=\"wp-block-list\">\n<li>Difusi\u00f3 de l&#039;atmosfera<\/li>\n\n\n\n<li>Oxigenaci\u00f3 pel moviment de les aig\u00fces sobre les roques o els detrits<\/li>\n\n\n\n<li>Oxigenaci\u00f3 pel vent o les onades<\/li>\n\n\n\n<li>Fotos\u00edntesi de les plantes aqu\u00e0tiques<\/li>\n<\/ul>\n\n\n\n<p>Fonts de DO<\/p>\n\n\n\n<p>L&#039;oxigen gas\u00f3s es dissol a l&#039;aigua per diversos processos com la difusi\u00f3 entre l&#039;atmosfera i l&#039;aigua, oxigenaci\u00f3 pel flux de l&#039;aigua sobre les roques i altres detrits, l&#039;agitaci\u00f3 de l&#039;aigua per les onades i el vent i la fotos\u00edntesi de plantes aqu\u00e0tiques . Hi ha molts factors que afecten la concentraci\u00f3 de l&#039;oxigen dissolt en un ambient aqu\u00e0tic. Aquests factors inclouen temperatura, flux del corrent, pressi\u00f3 de l&#039;aire, plantes aqu\u00e0tiques, mat\u00e8ria org\u00e0nica en descomposici\u00f3 i activitat humana.<\/p>\n\n\n\n<ul id=\"l2\" class=\"wp-block-list\">\n<li>Temperatura<\/li>\n\n\n\n<li>Poblacions de plantes aqu\u00e0tiques<\/li>\n\n\n\n<li>Material org\u00e0nic en descomposici\u00f3 a l&#039;aigua<\/li>\n\n\n\n<li>Flux de corrents<\/li>\n\n\n\n<li>Pressi\u00f3 atmosf\u00e8rica i altura<\/li>\n\n\n\n<li>Activitat Humana<\/li>\n<\/ul>\n\n\n\n<p>Factors que afecten els nivells de DO<\/p>\n\n\n\n<p>Com a resultat de l&#039;activitat de les plantes, els nivells de DO poden fluctuar durant el dia, elevant-se al llarg del mat\u00ed i aconseguint un m\u00e0xim a la tarda. A la nit cessa la fotos\u00edntesi, per\u00f2 les plantes i els animals continuen respirant, causant una disminuci\u00f3 dels nivells de DO. Com que les fluctuacions di\u00e0ries s\u00f3n possibles, els assaigs de DO s&#039;han de fer a la mateixa hora cada dia. Grans fluctuacions als nivells d&#039;oxigen dissolt en per\u00edodes curts de temps poden portar com a resultat una multiplicaci\u00f3 d&#039;algues. Com que la poblaci\u00f3 d&#039;algues est\u00e0 creixent amb gran rapidesa, els nivells d&#039;oxigen dissolt augmenten. Aviat les algues comencen<\/p>\n\n\n\n<p>a morir i s\u00f3n descompostes per bacteris aer\u00f2bics, els que usen l&#039;oxigen. A mesura que moren m\u00e9s algues, el requeriment d&#039;oxigen de la descomposici\u00f3 aer\u00f2bica augmenta, cosa que<\/p>\n\n\n\n<p>en una caiguda brusca dels nivells d&#039;oxigen. A continuaci\u00f3 d&#039;una floraci\u00f3 d&#039;algues, els nivells d&#039;oxigen poden ser tan baixos que els peixos i altres organismes aqu\u00e0tics se sufoquen i moren.<\/p>\n\n\n\n<figure class=\"wp-block-table\"><table class=\"has-fixed-layout\"><tbody><tr><td colspan=\"2\">Taula 2<\/td><\/tr><tr><td>Nivell de DO<\/td><td>Percentatge de Saturaci\u00f3 de DO<\/td><\/tr><tr><td>Supersaturaci\u00f31<\/td><td>\uf0b3 101%<\/td><\/tr><tr><td>Excel\u00b7lent<\/td><td>90 \u2013 100%<\/td><\/tr><tr><td>Adequat<\/td><td>80 \u2013 89%<\/td><\/tr><tr><td>Acceptable<\/td><td>60 \u2013 79%<\/td><\/tr><tr><td>Pobre<\/td><td>\uf03c 60%<\/td><\/tr><\/tbody><\/table><\/figure>\n\n\n\n<p>La temperatura \u00e9s un factor important en la capacitat de l&#039;oxigen per dissoldre&#039;s, ja que l&#039;oxigen, igual que tots els gasos, t\u00e9 diferents solubilitats a temperatures diferents. Les aig\u00fces m\u00e9s fredes tenen m\u00e9s capacitat d&#039;oxigen<\/p>\n\n\n\n<p>dissolt que les aig\u00fces m\u00e9s c\u00e0lides. L&#039;activitat humana, com la remoci\u00f3 del fullatge al llarg d&#039;un corrent o l&#039;alliberament d&#039;aigua calenta emprada en els processos industrials, pot causar un augment de la temperatura de l&#039;aigua al llarg d&#039;un estrenyiment donat del corrent. Aix\u00f2 resulta en una menor capacitat del corrent per dissoldre oxigen.<\/p>\n\n\n\n<h2 class=\"wp-block-heading\">Nivells Esperats<\/h2>\n\n\n\n<p>La unitat mg\/L2 \u00e9s la quantitat d&#039;oxigen gas\u00f3s<\/p>\n\n\n\n<p>dissolt en un litre daigua. Quan es relacionen els mesuraments de DO amb els nivells m\u00ednims requerits pels organismes aqu\u00e0tics, es fa servir la unitat mg\/L. El procediment descrit en aquest document cobreix l\u201f\u00fas d\u201fun Sensor d\u201fOxigen Dissolt per mesurar la concentraci\u00f3 de DO en mg\/L. La concentraci\u00f3 d&#039;oxigen dissolt pot variar des de 0-15 mg\/L. Els corrents freds de muntanya probablement tindran concentracions de DO des de 7 fins a 15 mg\/L, depenent de la temperatura de l&#039;aigua i de la pressi\u00f3 de l&#039;aire. En els menors abasts, els rius i corrents poden exhibir una concentraci\u00f3 de DO entre 2 i 11 mg\/L.<\/p>\n\n\n\n<p>Quan s&#039;analitza la qualitat de l&#039;aigua d&#039;un corrent o riu, \u00e9s convenient fer servir una unitat diferent de mg\/L. El terme percentatge de saturaci\u00f3 sovint es fa servir per a les comparacions de la qualitat de l&#039;aigua. El percentatge de saturaci\u00f3 \u00e9s la lectura d&#039;oxigen dissolt en mg\/L dividit pel 100% del valor d&#039;oxigen dissolt per a l&#039;aigua (a la mateixa temperatura i pressi\u00f3 de l&#039;aire). La manera com el percentatge de saturaci\u00f3 es relaciona amb la qualitat de l&#039;aigua s&#039;indica a la Taula 2. En alguns casos, l&#039;aigua pot excedir el 100% de saturaci\u00f3 i esdev\u00e9 supersaturada per curts per\u00edodes de temps.<\/p>\n\n\n\n<h2 class=\"wp-block-heading\">Resum de M\u00e8todes<\/h2>\n\n\n\n<p>L&#039;oxigen dissolt es pot mesurar directament al lloc o en mostres d&#039;aigua transportades des del lloc. Els mesuraments es poden realitzar al lloc, ja sigui col\u00b7locant el Sensor d&#039;Oxigen Dissolt directament al corrent lluny de la riba o recol\u00b7lectant una mostra d&#039;aigua amb un contenidor o flasc\u00f3 per despr\u00e9s fer els mesuraments amb el Sensor d&#039;Oxigen Dissolt de tornada la riba. Les mostres d&#039;aigua recol\u00b7lectades al lloc i transportades de tornada al laboratori en ampolles tancades s&#039;han d&#039;emmagatzemar en recipients amb gel o en una nevera fins al moment en qu\u00e8 es prenguin els mesuraments. El transport de mostres no es recomana, ja que es redueix l&#039;exactitud dels resultats de l&#039;assaig. C9C<\/p>\n\n\n\n<ol id=\"l3\" class=\"wp-block-list\">\n<li>La supersaturaci\u00f3 pot ser perjudicial per als organismes aqu\u00e0tics. Pot conduir a la malaltia anomenada Malaltia de Bombolles de Gas.<\/li>\n\n\n\n<li>La unitat mg\/L \u00e9s num\u00e8ricament igual a la denominada parts per mili\u00f3 o ppm.<\/li>\n<\/ol>\n\n\n\n<p>Oxigen Dissolt\u00a8C10C<\/p>\n\n\n\n<p>\u00a8C11C<\/p>\n\n\n\n<h2 class=\"wp-block-heading\">Com treballa el Sensor d&#039;Oxigen Dissolt<\/h2>\n\n\n\n<p>membrane\u00a8C12C<\/p>\n\n\n\n<p>membrana<\/p>\n\n\n\n<p>platinum (cathode)<\/p>\n\n\n\n<p>\u00a8C13C<\/p>\n\n\n\n<p>Ag\/AgCl (anode)<\/p>\n\n\n\n<p>KCl (aq)<\/p>\n\n\n\n<p>Barret de membrana<\/p>\n\n\n\n<figure class=\"wp-block-table\"><table class=\"has-fixed-layout\"><tbody><tr><td>\u00a8C14C<\/td><\/tr><\/tbody><\/table><\/figure>\n\n\n\n<p>El Sensor d&#039;Oxigen Dissolt \u00e9s un el\u00e8ctrode polarogr\u00e0fic de tipus Clark que mesura la concentraci\u00f3 de l&#039;oxigen dissolt en aigua i solucions aquoses. Un c\u00e0tode de plat\u00ed i un \u00e0node de refer\u00e8ncia de plata\/clorur de plata en un electr\u00f2lit de KCl estan separats de la mostra per una membrana pl\u00e0stica permeable al gas.<\/p>\n\n\n\n<p>\u00a8C15C<\/p>\n\n\n\n<p>membrane cap\u00a8C16C<\/p>\n\n\n\n<p>L&#039;el\u00e8ctrode de plat\u00ed t\u00e9 aplicat un voltatge fix. L&#039;oxigen es redueix mentre es difon a trav\u00e9s de la membrana cap al c\u00e0tode:<\/p>\n\n\n\n<p>\u00bd O2 + H2O + 2e- \uf0be\uf0be\uf0ae 2 OH-<\/p>\n\n\n\n<p>L&#039;oxidaci\u00f3 que t\u00e9 lloc a l&#039;el\u00e8ctrode de refer\u00e8ncia (\u00e0node) \u00e9s:<\/p>\n\n\n\n<p>Ag + Cl- \uf0be\uf0be\uf0ae AgCl + e-<\/p>\n\n\n\n<p>D&#039;acord amb aix\u00f2, flueix un corrent que \u00e9s proporcional a la taxa de difusi\u00f3 de l&#039;oxigen, i per tant, a la concentraci\u00f3 de l&#039;oxigen dissolt a la mostra. Aquest corrent es converteix a un voltatge proporcional, que amplificat i llegit per una de les interf\u00edcies de Vernier.<\/p>\n\n\n\n<p>\u00a8C17C<\/p>\n\n\n\n<h2 class=\"wp-block-heading\">Emmagatzematge del Sensor d&#039;Oxigen Dissolt<\/h2>\n\n\n\n<p>Seguiu aquests passos quan emmagatzemeu l&#039;el\u00e8ctrode:<\/p>\n\n\n\n<ul id=\"l4\" class=\"wp-block-list\">\n<li>Emmagatzematge per llarg temps (m\u00e9s de 24 hores): Retira la gorra de membrana i renta l&#039;interior i exterior de la membrana amb aigua destil\u00b7lada. Espolsa la gorra de membrana per assecar-la. Renta i asseca tamb\u00e9 els elements interiors de l&#039;\u00e0node i el c\u00e0tode exposats (asseca&#039;ls amb paper absorbent de laboratori). Reinstal\u00b7la la gorra de membrana acuradament al cos de l&#039;el\u00e8ctrode per emmagatzemar-la. No ho enrosquis prement massa.<\/li>\n\n\n\n<li>Emmagatzematge per curt temps (menys de 24 hores): Emmagatzemeu el Sensor d&#039;Oxigen Dissolt amb l&#039;extrem de la membrana submergit en aproximadament 1 polzada d&#039;aigua destil\u00b7lada.<\/li>\n<\/ul>\n\n\n\n<p><\/p>\n\n\n\n<h2 class=\"wp-block-heading\">Compensaci\u00f3 Autom\u00e0tica de Temperatura<\/h2>\n\n\n\n<p>El Sensor d&#039;Oxigen Dissolt de Vernier t\u00e9 compensaci\u00f3 autom\u00e0tica de temperatura perqu\u00e8 utilitza un termistor incl\u00f2s al cos del sensor. La sortida de temperatura daquest sensor sutilitza per compensar autom\u00e0ticament els canvis que es produeixen en la permeabilitat de la membrana a causa de canvis en la temperatura. Si el sensor no tingu\u00e9s compensaci\u00f3 per temperatura, notaria un canvi en la lectura de l&#039;oxigen dissolt a mesura que canvia la temperatura, encara que la concentraci\u00f3 real de l&#039;oxigen dissolt en la soluci\u00f3 no canvi\u00e9s.<\/p>\n\n\n\n<p>Aqu\u00ed presentem dos exemples de com treballa la compensaci\u00f3 autom\u00e0tica de temperatura:<\/p>\n\n\n\n<ul id=\"l5\" class=\"wp-block-list\">\n<li>Si calibreu el Sensor d&#039;Oxigen Dissolt al laboratori a 25\u00b0 C i 760 mm Hg de pressi\u00f3 barom\u00e8trica (assumint que la salinitat \u00e9s menyspreable), el valor que heu d&#039;introduir per al punt de calibratge d&#039;oxigen saturat ha de ser 8.36 mg\/L (vegeu la Taula 3). Si an\u00e9s a prendre una lectura en aigua destil\u00b7lada que est\u00e0 saturada d&#039;oxigen mitjan\u00e7ant una agitaci\u00f3 remenant amb rapidesa i energia, obtindria una lectura de 8.36 mg\/L. Si la mostra d&#039;aigua es refreda despr\u00e9s fins a 10 \u00b0 C sense agitaci\u00f3 addicional, l&#039;aigua no continuaria saturada (l&#039;aigua freda pot suportar m\u00e9s oxigen dissolt que l&#039;aigua calenta). Per tant, la lectura del Sensor d&#039;Oxigen Dissolt amb compensaci\u00f3 de temperatura hauria de ser 8,36 mg\/L.<\/li>\n\n\n\n<li>Si la soluci\u00f3 es refreda, per\u00f2, fins a 10\u00b0 C <em>i <\/em>s&#039;agita constantment de manera que estigui saturada per la dissoluci\u00f3 d&#039;oxigen addicional, la compensaci\u00f3 de temperatura del sensor hauria de produir una lectura de 11.35 mg\/L que \u00e9s el valor mostrat a la Taula 3. <strong>Nota: <\/strong>La compensaci\u00f3 de temperatura <em>no vol dir <\/em>que la lectura duna soluci\u00f3 saturada ser\u00e0 la mateixa a dues temperatures diferents, ja que les dues solucions t\u00e9 diferents<\/li>\n<\/ul>\n\n\n\n<p>concentracions d&#039;oxigen <em>Oxigen dissolt saturat vs. Temperatura<\/em><\/p>\n\n\n\n<p>dissolt i les lectures del sensor han de reflectir aquesta difer\u00e8ncia.<\/p>\n\n\n\n<p>\u00a8C19C<\/p>\n\n\n\n<h2 class=\"wp-block-heading\">Prenent Mostres a Aigua Salada Oce\u00e0nica oa Estuaris<\/h2>\n\n\n\n<h4 class=\"wp-block-heading\">(a nivells de salinitat m\u00e9s grans que 1000 mg\/L)<\/h4>\n\n\n\n<p>La concentraci\u00f3 d&#039;oxigen dissolt per a l&#039;aigua saturada d&#039;aire a diversos nivells de salinitat, DO(sal), es pot calcular usant la f\u00f3rmula:<\/p>\n\n\n\n<p>DO(sal) = DO \u2013 (k\u2022S)<\/p>\n\n\n\n<ul id=\"l6\" class=\"wp-block-list\">\n<li>DO(sal) \u00e9s la concentraci\u00f3 d&#039;oxigen dissolt (en mg\/L) en solucions d&#039;aigua salada.<\/li>\n\n\n\n<li>DO \u00e9s la concentraci\u00f3 d&#039;oxigen dissolt per a l&#039;aigua destil\u00b7lada saturada d&#039;aire com determina la Taula 3.<\/li>\n\n\n\n<li>S \u00e9s el valor de la salinitat (en ppt). Els valors de salinitat es poden determinar usant l&#039;el\u00e8ctrode selectiu a Ion Clorur de Vernier o el Sensor de Conductivitat com es descriu a l&#039;activitat 40.Oxigen Dissolt\u00a8C20C\n<ul class=\"wp-block-list\">\n<li>k \u00e9s una constant. El valor de k varia segons la temperatura i es pot determinar de la Taula 5.<\/li>\n<\/ul>\n<\/li>\n<\/ul>\n\n\n\n<p><\/p>\n\n\n\n<figure class=\"wp-block-table\"><table class=\"has-fixed-layout\"><tbody><tr><td colspan=\"8\">Taula 5: Valors de la constant de correcci\u00f3 de salinitat<\/td><\/tr><tr><td>Temp. (\u00b0C)<\/td><td>Constant, k<\/td><td>Temp. (\u00b0C)<\/td><td>Constant, k<\/td><td>Temp. (\u00b0C)<\/td><td>Constant, k<\/td><td>Temp. (\u00b0C)<\/td><td>Constant, k<\/td><\/tr><tr><td>1<\/td><td>0.08796<\/td><td>8<\/td><td>0.06916<\/td><td>15<\/td><td>0.05602<\/td><td>22<\/td><td>0.04754<\/td><\/tr><tr><td>2<\/td><td>0.08485<\/td><td>9<\/td><td>0.06697<\/td><td>16<\/td><td>0.05456<\/td><td>23<\/td><td>0.04662<\/td><\/tr><tr><td>3<\/td><td>0.08184<\/td><td>10<\/td><td>0.06478<\/td><td>17<\/td><td>0.05328<\/td><td>24<\/td><td>0.04580<\/td><\/tr><tr><td>4<\/td><td>0.07911<\/td><td>11<\/td><td>0.06286<\/td><td>18<\/td><td>0.05201<\/td><td>25<\/td><td>0.04498<\/td><\/tr><tr><td>5<\/td><td>0.07646<\/td><td>12<\/td><td>0.06104<\/td><td>19<\/td><td>0.05073<\/td><td>26<\/td><td>0.04425<\/td><\/tr><tr><td>6<\/td><td>0.07391<\/td><td>13<\/td><td>0.05931<\/td><td>20<\/td><td>0.04964<\/td><td>27<\/td><td>0.04361<\/td><\/tr><tr><td>7<\/td><td>0.07135<\/td><td>14<\/td><td>0.05757<\/td><td>21<\/td><td>0.04854<\/td><td>28<\/td><td>0.04296<\/td><\/tr><\/tbody><\/table><\/figure>\n\n\n\n<p><\/p>\n\n\n\n<h3 class=\"wp-block-heading\">Exemple: Determineu el valor de calibratge d&#039;oxigen saturat DO a la temperatura de 23\u00b0 C ia la pressi\u00f3 de 750 mm Hg, quan el Sensor d&#039;Oxigen Dissolt s&#039;usa a l&#039;aigua de mar amb un valor de salinitat de 35.0 ppt.<\/h3>\n\n\n\n<p>Primer cal trobar el valor d&#039;oxigen dissolt a la Taula 3 (DO=8.55 mg\/L). Despr\u00e9s cal trobar el valor de <em>k <\/em>a la Taula 5 a 23\u00b0 C (k = 0.04662). Despr\u00e9s cal substituir aquests valors, aix\u00ed com el valor de la salinitat, a l&#039;equaci\u00f3 pr\u00e8via:<\/p>\n\n\n\n<p>DO(sal) = DO \u2013 (k\u2022S) = 8.55 \u2013 (0.04662 \u2022 35.0) = 8.55 \u2013 1.63 = 6.92 mg\/L<\/p>\n\n\n\n<p>Utilitzeu el valor 8.46 mg\/L quan feu el punt de calibratge de saturaci\u00f3 de DO (aigua saturada d&#039;aire), com es descriu al Pas 6. El Sensor d&#039;Oxigen Dissolt ser\u00e0 calibrat ara per donar el valor correcte de les lectures de DO en mostres daigua salada amb una salinitat de 35.0 ppt.<\/p>\n\n\n\n<p><strong>Important<\/strong>: Per a la majoria dels assaigs d&#039;oxigen dissolt, <em>no <\/em>cal compensar per salinitat; per exemple, si el valor de salinitat \u00e9s 0.5 ppt, usant 25\u00b0 C i 760 mm Hg, el c\u00e0lcul per al DO(s) hauria de ser:<\/p>\n\n\n\n<p>DO(sal) = DO \u2013 (k\u2022S) = 8.36 \u2013 (0.04498 \u2022 0.5) = 8.36 \u2013 0.023 = 8.34 mg\/L<\/p>\n\n\n\n<p>A nivells de salinitat menors que 1.0 ppt, menysprear aquesta correcci\u00f3 significa un error de menys que el 0.2%.<\/p>","protected":false},"excerpt":{"rendered":"<p>Ox\u00edgeno Disuelto Tabla1: Requerimiento m\u00ednimo de DO Organismo Ox\u00edgeno disuelto m\u00ednimo (mg\/L) Trucha 6.5 LXbina de boca peque\u00f1a 6.5 Larvas de tric\u00f3pteros 4.0 Larvas de efemer\u00f3ptero o mosca de mayo 4.0 Siluro 2.5 Carpa 2.0 Larvas de Mosquito 1.0 El ox\u00edgeno gaseoso disuelto en el agua es vital para la existencia de la mayor\u00eda de [&hellip;]<\/p>\n","protected":false},"author":1,"featured_media":0,"parent":0,"menu_order":0,"comment_status":"closed","ping_status":"closed","template":"","meta":{"site-sidebar-layout":"default","site-content-layout":"","ast-site-content-layout":"default","site-content-style":"default","site-sidebar-style":"default","ast-global-header-display":"","ast-banner-title-visibility":"","ast-main-header-display":"","ast-hfb-above-header-display":"","ast-hfb-below-header-display":"","ast-hfb-mobile-header-display":"","site-post-title":"","ast-breadcrumbs-content":"","ast-featured-img":"","footer-sml-layout":"","ast-disable-related-posts":"","theme-transparent-header-meta":"","adv-header-id-meta":"","stick-header-meta":"","header-above-stick-meta":"","header-main-stick-meta":"","header-below-stick-meta":"","astra-migrate-meta-layouts":"set","ast-page-background-enabled":"default","ast-page-background-meta":{"desktop":{"background-color":"var(--ast-global-color-4)","background-image":"","background-repeat":"repeat","background-position":"center center","background-size":"auto","background-attachment":"scroll","background-type":"","background-media":"","overlay-type":"","overlay-color":"","overlay-opacity":"","overlay-gradient":""},"tablet":{"background-color":"","background-image":"","background-repeat":"repeat","background-position":"center center","background-size":"auto","background-attachment":"scroll","background-type":"","background-media":"","overlay-type":"","overlay-color":"","overlay-opacity":"","overlay-gradient":""},"mobile":{"background-color":"","background-image":"","background-repeat":"repeat","background-position":"center center","background-size":"auto","background-attachment":"scroll","background-type":"","background-media":"","overlay-type":"","overlay-color":"","overlay-opacity":"","overlay-gradient":""}},"ast-content-background-meta":{"desktop":{"background-color":"var(--ast-global-color-5)","background-image":"","background-repeat":"repeat","background-position":"center center","background-size":"auto","background-attachment":"scroll","background-type":"","background-media":"","overlay-type":"","overlay-color":"","overlay-opacity":"","overlay-gradient":""},"tablet":{"background-color":"var(--ast-global-color-5)","background-image":"","background-repeat":"repeat","background-position":"center center","background-size":"auto","background-attachment":"scroll","background-type":"","background-media":"","overlay-type":"","overlay-color":"","overlay-opacity":"","overlay-gradient":""},"mobile":{"background-color":"var(--ast-global-color-5)","background-image":"","background-repeat":"repeat","background-position":"center center","background-size":"auto","background-attachment":"scroll","background-type":"","background-media":"","overlay-type":"","overlay-color":"","overlay-opacity":"","overlay-gradient":""}},"footnotes":""},"class_list":["post-1096","page","type-page","status-publish","hentry"],"_links":{"self":[{"href":"https:\/\/guemisa.es\/ca\/wp-json\/wp\/v2\/pages\/1096","targetHints":{"allow":["GET"]}}],"collection":[{"href":"https:\/\/guemisa.es\/ca\/wp-json\/wp\/v2\/pages"}],"about":[{"href":"https:\/\/guemisa.es\/ca\/wp-json\/wp\/v2\/types\/page"}],"author":[{"embeddable":true,"href":"https:\/\/guemisa.es\/ca\/wp-json\/wp\/v2\/users\/1"}],"replies":[{"embeddable":true,"href":"https:\/\/guemisa.es\/ca\/wp-json\/wp\/v2\/comments?post=1096"}],"version-history":[{"count":1,"href":"https:\/\/guemisa.es\/ca\/wp-json\/wp\/v2\/pages\/1096\/revisions"}],"predecessor-version":[{"id":1097,"href":"https:\/\/guemisa.es\/ca\/wp-json\/wp\/v2\/pages\/1096\/revisions\/1097"}],"wp:attachment":[{"href":"https:\/\/guemisa.es\/ca\/wp-json\/wp\/v2\/media?parent=1096"}],"curies":[{"name":"wp","href":"https:\/\/api.w.org\/{rel}","templated":true}]}}